{"id":335,"date":"2016-08-17T10:36:10","date_gmt":"2016-08-17T10:36:10","guid":{"rendered":"https:\/\/guadalen.com\/?page_id=335"},"modified":"2026-03-10T08:39:59","modified_gmt":"2026-03-10T08:39:59","slug":"formulas","status":"publish","type":"page","link":"https:\/\/guadalen.com\/en\/formulas","title":{"rendered":"Formulas"},"content":{"rendered":"[mk_page_section min_height=&#8221;0&#8243; full_width=&#8221;true&#8221; padding_top=&#8221;0&#8243; padding_bottom=&#8221;0&#8243; sidebar=&#8221;sidebar-1&#8243; first_page=&#8221;false&#8221; last_page=&#8221;false&#8221;][vc_column][mk_revslider id=&#8221;formulas&#8221;][\/vc_column][\/mk_page_section][mk_page_section min_height=&#8221;0&#8243; padding_top=&#8221;30&#8243; padding_bottom=&#8221;30&#8243; animation=&#8221;scale-up&#8221; sidebar=&#8221;sidebar-1&#8243; first_page=&#8221;false&#8221; last_page=&#8221;false&#8221;][vc_column][mk_fancy_title tag_name=&#8221;h1&#8243; color=&#8221;#005433&#8243; size=&#8221;30&#8243; font_weight=&#8221;bold&#8221; font_style=&#8221;inhert&#8221; txt_transform=&#8221;uppercase&#8221; margin_bottom=&#8221;0&#8243; font_family=&#8221;none&#8221; align=&#8221;center&#8221;]F\u00f3rmulas para nutricion animal[\/mk_fancy_title][\/vc_column][\/mk_page_section][mk_page_section bg_color=&#8221;#efefef&#8221; min_height=&#8221;0&#8243; padding_top=&#8221;40&#8243; padding_bottom=&#8221;40&#8243; animation=&#8221;scale-up&#8221; sidebar=&#8221;sidebar-1&#8243; first_page=&#8221;false&#8221; last_page=&#8221;false&#8221;][vc_column width=&#8221;1\/2&#8243;][vc_column_text]Para facilitarle la solicitud de f\u00f3rmulas mientras creamos nuestra \u00e1rea exclusiva de clientes, ponemos a su disposici\u00f3n nuestro formulario estandarizado, que puede descargar pinchando aqu\u00ed:[\/vc_column_text][mk_button dimension=&#8221;flat&#8221; size=&#8221;large&#8221; url=&#8221;http:\/\/guadalen.com\/wp-content\/uploads\/FORMULARIO_GUADALEN.xls&#8221; target=&#8221;_blank&#8221; align=&#8221;center&#8221; button_custom_width=&#8221;250&#8243; margin_bottom=&#8221;20&#8243; bg_color=&#8221;#fecd80&#8243; btn_hover_bg=&#8221;#fecd80&#8243; btn_hover_txt_color=&#8221;#005433&#8243;]FORMULARIO GUADAL\u00c9N[\/mk_button][vc_column_text css=&#8221;.vc_custom_1636030557260{margin-bottom: 0px !important;}&#8221;]\n<p style=\"text-align: left;\">Rell\u00e9nelo y env\u00edenoslo a tecnico@guadalen.com y le haremos llegar nuestra propuesta en menos de 48h.<\/p>\n<p style=\"text-align: left;\">Si necesita hacernos alguna consulta para completar el formulario, por favor, ll\u00e1menos al 968 46 81 12 y un asesor de nuestro departamento comercial le atender\u00e1 personalmente.<\/p>\n[\/vc_column_text][\/vc_column][vc_column width=&#8221;1\/2&#8243;][mk_image src=&#8221;http:\/\/guadalen.com\/wp-content\/uploads\/formulas.jpg&#8221; image_width=&#8221;900&#8243; image_height=&#8221;530&#8243; lightbox=&#8221;true&#8221; group=&#8221;_general&#8221; margin_bottom=&#8221;0&#8243; crop=&#8221;true&#8221;][\/vc_column][\/mk_page_section]\n","protected":false},"excerpt":{"rendered":"<p>[mk_page_section min_height=&#8221;0&#8243; full_width=&#8221;true&#8221; padding_top=&#8221;0&#8243; padding_bottom=&#8221;0&#8243; sidebar=&#8221;sidebar-1&#8243; first_page=&#8221;false&#8221; last_page=&#8221;false&#8221;][vc_column][mk_revslider id=&#8221;formulas&#8221;][\/vc_column][\/mk_page_section][mk_page_section min_height=&#8221;0&#8243; padding_top=&#8221;30&#8243; padding_bottom=&#8221;30&#8243; animation=&#8221;scale-up&#8221; sidebar=&#8221;sidebar-1&#8243; first_page=&#8221;false&#8221; last_page=&#8221;false&#8221;][vc_column][mk_fancy_title tag_name=&#8221;h1&#8243; color=&#8221;#005433&#8243; size=&#8221;30&#8243; font_weight=&#8221;bold&#8221; font_style=&#8221;inhert&#8221; txt_transform=&#8221;uppercase&#8221; margin_bottom=&#8221;0&#8243; font_family=&#8221;none&#8221; align=&#8221;center&#8221;]F\u00f3rmulas para nutricion animal[\/mk_fancy_title][\/vc_column][\/mk_page_section][mk_page_section bg_color=&#8221;#efefef&#8221; min_height=&#8221;0&#8243; padding_top=&#8221;40&#8243; padding_bottom=&#8221;40&#8243; animation=&#8221;scale-up&#8221; sidebar=&#8221;sidebar-1&#8243; first_page=&#8221;false&#8221; last_page=&#8221;false&#8221;][vc_column width=&#8221;1\/2&#8243;][vc_column_text]Para facilitarle la solicitud de f\u00f3rmulas mientras creamos nuestra \u00e1rea exclusiva de clientes, ponemos a su disposici\u00f3n nuestro formulario [&hellip;]<\/p>\n","protected":false},"author":2,"featured_media":0,"parent":0,"menu_order":0,"comment_status":"closed","ping_status":"closed","template":"","meta":[],"yoast_head":"<!-- This site is optimized with the Yoast SEO Premium plugin v19.2.1 (Yoast SEO v19.14) - https:\/\/yoast.com\/wordpress\/plugins\/seo\/ -->\n<title>F\u00f3rmulas para Nutrici\u00f3n Animal | Guadalen<\/title>\n<meta name=\"description\" content=\"&quot;Nutrici\u00f3n animal en Murcia. Pienso y suplementos de alta calidad para el bienestar de tu mascota. \u00a1Cuida su salud con los mejores productos!&quot;\" \/>\n<meta name=\"robots\" content=\"index, follow, max-snippet:-1, max-image-preview:large, max-video-preview:-1\" \/>\n<link rel=\"canonical\" href=\"https:\/\/guadalen.com\/formulas\" \/>\n<meta property=\"og:locale\" content=\"en_US\" \/>\n<meta property=\"og:type\" content=\"article\" \/>\n<meta property=\"og:title\" content=\"[:es]F\u00f3rmulas nutrici\u00f3n animal[:en]Formulas[:]\" \/>\n<meta property=\"og:description\" content=\"&quot;Nutrici\u00f3n animal en Murcia. Pienso y suplementos de alta calidad para el bienestar de tu mascota. \u00a1Cuida su salud con los mejores productos!&quot;\" \/>\n<meta property=\"og:url\" content=\"https:\/\/guadalen.com\/formulas\" \/>\n<meta property=\"og:site_name\" content=\"Lorca Nutrici\u00f3n Animal S.A.\" \/>\n<meta property=\"article:modified_time\" content=\"2026-03-10T08:39:59+00:00\" \/>\n<meta name=\"twitter:card\" content=\"summary_large_image\" \/>\n<meta name=\"twitter:label1\" content=\"Est. reading time\" \/>\n\t<meta name=\"twitter:data1\" content=\"1 minute\" \/>\n<script type=\"application\/ld+json\" class=\"yoast-schema-graph\">{\"@context\":\"https:\/\/schema.org\",\"@graph\":[{\"@type\":\"WebPage\",\"@id\":\"https:\/\/guadalen.com\/formulas\",\"url\":\"https:\/\/guadalen.com\/formulas\",\"name\":\"F\u00f3rmulas para Nutrici\u00f3n Animal | Guadalen\",\"isPartOf\":{\"@id\":\"https:\/\/guadalen.com\/#website\"},\"datePublished\":\"2016-08-17T10:36:10+00:00\",\"dateModified\":\"2026-03-10T08:39:59+00:00\",\"description\":\"\\\"Nutrici\u00f3n animal en Murcia. Pienso y suplementos de alta calidad para el bienestar de tu mascota. \u00a1Cuida su salud con los mejores productos!\\\"\",\"breadcrumb\":{\"@id\":\"https:\/\/guadalen.com\/formulas#breadcrumb\"},\"inLanguage\":\"en-US\",\"potentialAction\":[{\"@type\":\"ReadAction\",\"target\":[\"https:\/\/guadalen.com\/formulas\"]}]},{\"@type\":\"BreadcrumbList\",\"@id\":\"https:\/\/guadalen.com\/formulas#breadcrumb\",\"itemListElement\":[{\"@type\":\"ListItem\",\"position\":1,\"name\":\"Portada\",\"item\":\"https:\/\/guadalen.com\/\"},{\"@type\":\"ListItem\",\"position\":2,\"name\":\"F\u00f3rmulas nutrici\u00f3n animal\"}]},{\"@type\":\"WebSite\",\"@id\":\"https:\/\/guadalen.com\/#website\",\"url\":\"https:\/\/guadalen.com\/\",\"name\":\"Lorca Nutrici\u00f3n Animal S.A.\",\"description\":\"Lorca Nutrici\u00f3n Animal es una empresa dedicada a la fabricaci\u00f3n de premezclas vitam\u00ednico-minerales y otros productos para la alimentaci\u00f3n de todas las especies ganaderas y fases productivas.\",\"publisher\":{\"@id\":\"https:\/\/guadalen.com\/#organization\"},\"potentialAction\":[{\"@type\":\"SearchAction\",\"target\":{\"@type\":\"EntryPoint\",\"urlTemplate\":\"https:\/\/guadalen.com\/?s={search_term_string}\"},\"query-input\":\"required name=search_term_string\"}],\"inLanguage\":\"en-US\"},{\"@type\":\"Organization\",\"@id\":\"https:\/\/guadalen.com\/#organization\",\"name\":\"Guadalen\",\"url\":\"https:\/\/guadalen.com\/\",\"logo\":{\"@type\":\"ImageObject\",\"inLanguage\":\"en-US\",\"@id\":\"https:\/\/guadalen.com\/#\/schema\/logo\/image\/\",\"url\":\"http:\/\/guadalen.com\/wp-content\/uploads\/logo.png\",\"contentUrl\":\"http:\/\/guadalen.com\/wp-content\/uploads\/logo.png\",\"width\":137,\"height\":123,\"caption\":\"Guadalen\"},\"image\":{\"@id\":\"https:\/\/guadalen.com\/#\/schema\/logo\/image\/\"}}]}<\/script>\n<!-- \/ Yoast SEO Premium plugin. -->","yoast_head_json":{"title":"F\u00f3rmulas para Nutrici\u00f3n Animal | Guadalen","description":"\"Nutrici\u00f3n animal en Murcia. Pienso y suplementos de alta calidad para el bienestar de tu mascota. \u00a1Cuida su salud con los mejores productos!\"","robots":{"index":"index","follow":"follow","max-snippet":"max-snippet:-1","max-image-preview":"max-image-preview:large","max-video-preview":"max-video-preview:-1"},"canonical":"https:\/\/guadalen.com\/formulas","og_locale":"en_US","og_type":"article","og_title":"[:es]F\u00f3rmulas nutrici\u00f3n animal[:en]Formulas[:]","og_description":"\"Nutrici\u00f3n animal en Murcia. Pienso y suplementos de alta calidad para el bienestar de tu mascota. \u00a1Cuida su salud con los mejores productos!\"","og_url":"https:\/\/guadalen.com\/formulas","og_site_name":"Lorca Nutrici\u00f3n Animal S.A.","article_modified_time":"2026-03-10T08:39:59+00:00","twitter_card":"summary_large_image","twitter_misc":{"Est. reading time":"1 minute"},"schema":{"@context":"https:\/\/schema.org","@graph":[{"@type":"WebPage","@id":"https:\/\/guadalen.com\/formulas","url":"https:\/\/guadalen.com\/formulas","name":"F\u00f3rmulas para Nutrici\u00f3n Animal | Guadalen","isPartOf":{"@id":"https:\/\/guadalen.com\/#website"},"datePublished":"2016-08-17T10:36:10+00:00","dateModified":"2026-03-10T08:39:59+00:00","description":"\"Nutrici\u00f3n animal en Murcia. Pienso y suplementos de alta calidad para el bienestar de tu mascota. \u00a1Cuida su salud con los mejores productos!\"","breadcrumb":{"@id":"https:\/\/guadalen.com\/formulas#breadcrumb"},"inLanguage":"en-US","potentialAction":[{"@type":"ReadAction","target":["https:\/\/guadalen.com\/formulas"]}]},{"@type":"BreadcrumbList","@id":"https:\/\/guadalen.com\/formulas#breadcrumb","itemListElement":[{"@type":"ListItem","position":1,"name":"Portada","item":"https:\/\/guadalen.com\/"},{"@type":"ListItem","position":2,"name":"F\u00f3rmulas nutrici\u00f3n animal"}]},{"@type":"WebSite","@id":"https:\/\/guadalen.com\/#website","url":"https:\/\/guadalen.com\/","name":"Lorca Nutrici\u00f3n Animal S.A.","description":"Lorca Nutrici\u00f3n Animal es una empresa dedicada a la fabricaci\u00f3n de premezclas vitam\u00ednico-minerales y otros productos para la alimentaci\u00f3n de todas las especies ganaderas y fases productivas.","publisher":{"@id":"https:\/\/guadalen.com\/#organization"},"potentialAction":[{"@type":"SearchAction","target":{"@type":"EntryPoint","urlTemplate":"https:\/\/guadalen.com\/?s={search_term_string}"},"query-input":"required name=search_term_string"}],"inLanguage":"en-US"},{"@type":"Organization","@id":"https:\/\/guadalen.com\/#organization","name":"Guadalen","url":"https:\/\/guadalen.com\/","logo":{"@type":"ImageObject","inLanguage":"en-US","@id":"https:\/\/guadalen.com\/#\/schema\/logo\/image\/","url":"http:\/\/guadalen.com\/wp-content\/uploads\/logo.png","contentUrl":"http:\/\/guadalen.com\/wp-content\/uploads\/logo.png","width":137,"height":123,"caption":"Guadalen"},"image":{"@id":"https:\/\/guadalen.com\/#\/schema\/logo\/image\/"}}]}},"_links":{"self":[{"href":"https:\/\/guadalen.com\/en\/wp-json\/wp\/v2\/pages\/335"}],"collection":[{"href":"https:\/\/guadalen.com\/en\/wp-json\/wp\/v2\/pages"}],"about":[{"href":"https:\/\/guadalen.com\/en\/wp-json\/wp\/v2\/types\/page"}],"author":[{"embeddable":true,"href":"https:\/\/guadalen.com\/en\/wp-json\/wp\/v2\/users\/2"}],"replies":[{"embeddable":true,"href":"https:\/\/guadalen.com\/en\/wp-json\/wp\/v2\/comments?post=335"}],"version-history":[{"count":4,"href":"https:\/\/guadalen.com\/en\/wp-json\/wp\/v2\/pages\/335\/revisions"}],"predecessor-version":[{"id":1403,"href":"https:\/\/guadalen.com\/en\/wp-json\/wp\/v2\/pages\/335\/revisions\/1403"}],"wp:attachment":[{"href":"https:\/\/guadalen.com\/en\/wp-json\/wp\/v2\/media?parent=335"}],"curies":[{"name":"wp","href":"https:\/\/api.w.org\/{rel}","templated":true}]}}