{"id":320,"date":"2016-08-17T10:19:13","date_gmt":"2016-08-17T10:19:13","guid":{"rendered":"https:\/\/guadalen.com\/?page_id=320"},"modified":"2020-02-07T08:25:39","modified_gmt":"2020-02-07T08:25:39","slug":"buzon","status":"publish","type":"page","link":"https:\/\/guadalen.com\/en\/buzon","title":{"rendered":"Suggestion box"},"content":{"rendered":"[mk_page_section layout_structure=&#8221;full&#8221; attachment=&#8221;scroll&#8221; bg_position=&#8221;left top&#8221; bg_repeat=&#8221;repeat&#8221; bg_stretch=&#8221;false&#8221; enable_3d=&#8221;false&#8221; speed_factor=&#8221;0.3&#8243; bg_video=&#8221;no&#8221; video_mask=&#8221;false&#8221; bg_gradient=&#8221;false&#8221; gr_end=&#8221;#1e73be&#8221; video_opacity=&#8221;0.6&#8243; top_shadow=&#8221;false&#8221; section_layout=&#8221;full&#8221; sidebar=&#8221;sidebar-1&#8243; min_height=&#8221;0&#8243; full_width=&#8221;true&#8221; full_height=&#8221;false&#8221; intro_effect=&#8221;false&#8221; padding_top=&#8221;0&#8243; padding_bottom=&#8221;0&#8243; margin_bottom=&#8221;0&#8243; first_page=&#8221;false&#8221; last_page=&#8221;false&#8221;][vc_column width=&#8221;1\/1&#8243;][mk_revslider id=&#8221;0&#8243;][\/vc_column][\/mk_page_section][mk_page_section layout_structure=&#8221;full&#8221; attachment=&#8221;scroll&#8221; bg_position=&#8221;left top&#8221; bg_repeat=&#8221;repeat&#8221; bg_stretch=&#8221;false&#8221; enable_3d=&#8221;false&#8221; speed_factor=&#8221;0.3&#8243; bg_video=&#8221;no&#8221; video_mask=&#8221;false&#8221; bg_gradient=&#8221;false&#8221; gr_end=&#8221;#1e73be&#8221; video_opacity=&#8221;0.6&#8243; top_shadow=&#8221;false&#8221; section_layout=&#8221;full&#8221; sidebar=&#8221;sidebar-1&#8243; min_height=&#8221;0&#8243; full_width=&#8221;false&#8221; full_height=&#8221;false&#8221; intro_effect=&#8221;false&#8221; padding_top=&#8221;30&#8243; padding_bottom=&#8221;30&#8243; margin_bottom=&#8221;0&#8243; first_page=&#8221;false&#8221; last_page=&#8221;false&#8221; animation=&#8221;scale-up&#8221;][vc_column width=&#8221;1\/1&#8243;][mk_fancy_title tag_name=&#8221;h2&#8243; style=&#8221;false&#8221; color=&#8221;#005433&#8243; size=&#8221;30&#8243; font_weight=&#8221;bold&#8221; font_style=&#8221;inhert&#8221; txt_transform=&#8221;uppercase&#8221; letter_spacing=&#8221;0&#8243; margin_top=&#8221;0&#8243; margin_bottom=&#8221;0&#8243; font_family=&#8221;none&#8221; align=&#8221;center&#8221;]\n<p>Suggestion box<\/p>\n[\/mk_fancy_title][\/vc_column][\/mk_page_section][mk_page_section layout_structure=&#8221;full&#8221; attachment=&#8221;scroll&#8221; bg_position=&#8221;left top&#8221; bg_repeat=&#8221;repeat&#8221; bg_stretch=&#8221;false&#8221; enable_3d=&#8221;false&#8221; speed_factor=&#8221;0.3&#8243; bg_video=&#8221;no&#8221; video_mask=&#8221;false&#8221; bg_gradient=&#8221;false&#8221; gr_end=&#8221;#1e73be&#8221; video_opacity=&#8221;0.6&#8243; top_shadow=&#8221;false&#8221; section_layout=&#8221;full&#8221; sidebar=&#8221;sidebar-1&#8243; min_height=&#8221;0&#8243; full_width=&#8221;false&#8221; full_height=&#8221;false&#8221; intro_effect=&#8221;false&#8221; padding_top=&#8221;40&#8243; padding_bottom=&#8221;40&#8243; margin_bottom=&#8221;0&#8243; first_page=&#8221;false&#8221; last_page=&#8221;false&#8221; animation=&#8221;scale-up&#8221; bg_color=&#8221;#efefef&#8221;][vc_column width=&#8221;1\/6&#8243;][vc_column_text]\n[\/vc_column_text][\/vc_column][vc_column width=&#8221;2\/3&#8243;][vc_column_text disable_pattern=&#8221;true&#8221; align=&#8221;left&#8221; margin_bottom=&#8221;0&#8243;]At Guadalen Customer Service is a top priority.<br \/>\nFor this reason we invite you to send us your comments and suggestions.<\/p>\n<p>Fields marked with * are required[\/vc_column_text]<div class=\"wpcf7 no-js\" id=\"wpcf7-f410-o2\" lang=\"es-ES\" dir=\"ltr\">\n<div class=\"screen-reader-response\"><p role=\"status\" aria-live=\"polite\" aria-atomic=\"true\"><\/p> <ul><\/ul><\/div>\n<form action=\"\/en\/wp-json\/wp\/v2\/pages\/320#wpcf7-f410-o2\" method=\"post\" class=\"wpcf7-form init\" aria-label=\"Formulario de contacto\" novalidate=\"novalidate\" data-status=\"init\">\n<div style=\"display: none;\">\n<input type=\"hidden\" name=\"_wpcf7\" value=\"410\" \/>\n<input type=\"hidden\" name=\"_wpcf7_version\" value=\"5.7.2\" \/>\n<input type=\"hidden\" name=\"_wpcf7_locale\" value=\"es_ES\" \/>\n<input type=\"hidden\" name=\"_wpcf7_unit_tag\" value=\"wpcf7-f410-o2\" \/>\n<input type=\"hidden\" name=\"_wpcf7_container_post\" value=\"0\" \/>\n<input type=\"hidden\" name=\"_wpcf7_posted_data_hash\" value=\"\" \/>\n<input type=\"hidden\" name=\"_wpcf7_recaptcha_response\" value=\"\" \/>\n<\/div>\n<p><span class=\"wpcf7-form-control-wrap\" data-name=\"your-name\"><input size=\"40\" class=\"wpcf7-form-control wpcf7-text wpcf7-validates-as-required\" aria-required=\"true\" aria-invalid=\"false\" value=\"Name\" type=\"text\" name=\"your-name\" \/><\/span>\n<\/p>\n<p><span class=\"wpcf7-form-control-wrap\" data-name=\"your-email\"><input size=\"40\" class=\"wpcf7-form-control wpcf7-text wpcf7-email wpcf7-validates-as-required wpcf7-validates-as-email\" aria-required=\"true\" aria-invalid=\"false\" value=\"Email\" type=\"email\" name=\"your-email\" \/><\/span>\n<\/p>\n<p><span class=\"wpcf7-form-control-wrap\" data-name=\"text-484\"><input size=\"40\" class=\"wpcf7-form-control wpcf7-text\" aria-invalid=\"false\" value=\"Phone\" type=\"text\" name=\"text-484\" \/><\/span>\n<\/p>\n<p><span class=\"wpcf7-form-control-wrap\" data-name=\"your-subject\"><input size=\"40\" class=\"wpcf7-form-control wpcf7-text wpcf7-validates-as-required\" aria-required=\"true\" aria-invalid=\"false\" value=\"Subject\" type=\"text\" name=\"your-subject\" \/><\/span>\n<\/p>\n<p><span class=\"wpcf7-form-control-wrap\" data-name=\"your-message\"><textarea cols=\"40\" rows=\"10\" class=\"wpcf7-form-control wpcf7-textarea\" aria-invalid=\"false\" name=\"your-message\">Write your Message<\/textarea><\/span>\n<\/p>\n<div id=\"cf7sr-69d90f5b0d8bb\" class=\"cf7sr-g-recaptcha\" data-theme=\"light\" data-type=\"image\" data-size=\"normal\" data-sitekey=\"6LcligoUAAAAABGwyFWgzascR5leUD46dSLD0ovC\"><\/div><span class=\"wpcf7-form-control-wrap cf7sr-recaptcha\" data-name=\"cf7sr-recaptcha\"><input type=\"hidden\" name=\"cf7sr-recaptcha\" value=\"\" class=\"wpcf7-form-control\"><\/span>\n<\/p>\n<p><input class=\"wpcf7-form-control has-spinner wpcf7-submit\" type=\"submit\" value=\"Send\" \/>\n<\/p><div class=\"wpcf7-response-output\" aria-hidden=\"true\"><\/div><\/form><\/div>[mk_image src=&#8221;http:\/\/guadalen.com\/wp-content\/uploads\/mail2.jpg&#8221; image_width=&#8221;800&#8243; image_height=&#8221;350&#8243; crop=&#8221;false&#8221; svg=&#8221;false&#8221; lightbox=&#8221;false&#8221; group=&#8221;_general&#8221; frame_style=&#8221;simple&#8221; link=&#8221;mailto:sugerencias@guadalen.com&#8221; target=&#8221;_self&#8221; caption_location=&#8221;inside-image&#8221; align=&#8221;center&#8221; margin_bottom=&#8221;0&#8243;][\/vc_column][vc_column width=&#8221;1\/6&#8243;][vc_column_text]\n[\/vc_column_text][\/vc_column][\/mk_page_section]","protected":false},"excerpt":{"rendered":"<p>[mk_page_section layout_structure=&#8221;full&#8221; attachment=&#8221;scroll&#8221; bg_position=&#8221;left top&#8221; bg_repeat=&#8221;repeat&#8221; bg_stretch=&#8221;false&#8221; enable_3d=&#8221;false&#8221; speed_factor=&#8221;0.3&#8243; bg_video=&#8221;no&#8221; video_mask=&#8221;false&#8221; bg_gradient=&#8221;false&#8221; gr_end=&#8221;#1e73be&#8221; video_opacity=&#8221;0.6&#8243; top_shadow=&#8221;false&#8221; section_layout=&#8221;full&#8221; sidebar=&#8221;sidebar-1&#8243; min_height=&#8221;0&#8243; full_width=&#8221;true&#8221; full_height=&#8221;false&#8221; intro_effect=&#8221;false&#8221; padding_top=&#8221;0&#8243; padding_bottom=&#8221;0&#8243; margin_bottom=&#8221;0&#8243; first_page=&#8221;false&#8221; last_page=&#8221;false&#8221;][vc_column width=&#8221;1\/1&#8243;][mk_revslider id=&#8221;0&#8243;][\/vc_column][\/mk_page_section][mk_page_section layout_structure=&#8221;full&#8221; attachment=&#8221;scroll&#8221; bg_position=&#8221;left top&#8221; bg_repeat=&#8221;repeat&#8221; bg_stretch=&#8221;false&#8221; enable_3d=&#8221;false&#8221; speed_factor=&#8221;0.3&#8243; bg_video=&#8221;no&#8221; video_mask=&#8221;false&#8221; bg_gradient=&#8221;false&#8221; gr_end=&#8221;#1e73be&#8221; video_opacity=&#8221;0.6&#8243; top_shadow=&#8221;false&#8221; section_layout=&#8221;full&#8221; sidebar=&#8221;sidebar-1&#8243; min_height=&#8221;0&#8243; full_width=&#8221;false&#8221; full_height=&#8221;false&#8221; intro_effect=&#8221;false&#8221; padding_top=&#8221;30&#8243; padding_bottom=&#8221;30&#8243; margin_bottom=&#8221;0&#8243; first_page=&#8221;false&#8221; last_page=&#8221;false&#8221; animation=&#8221;scale-up&#8221;][vc_column width=&#8221;1\/1&#8243;][mk_fancy_title [&hellip;]<\/p>\n","protected":false},"author":2,"featured_media":0,"parent":0,"menu_order":0,"comment_status":"closed","ping_status":"closed","template":"","meta":[],"yoast_head":"<!-- This site is optimized with the Yoast SEO Premium plugin v19.2.1 (Yoast SEO v19.14) - https:\/\/yoast.com\/wordpress\/plugins\/seo\/ -->\n<title>Suggestion box &#8902; Guadalen<\/title>\n<meta name=\"description\" content=\"En Guadalen estamos comprometidos con el desarrollo y la innovaci\u00f3n. Ofrecemos a nuestros clientes la posibilidad de enviarnos cualquier tipo de sugerencia\" \/>\n<meta name=\"robots\" content=\"index, follow, max-snippet:-1, max-image-preview:large, max-video-preview:-1\" \/>\n<link rel=\"canonical\" href=\"https:\/\/guadalen.com\/buzon\" \/>\n<meta property=\"og:locale\" content=\"en_US\" \/>\n<meta property=\"og:type\" content=\"article\" \/>\n<meta property=\"og:title\" content=\"[:es]Buz\u00f3n de Sugerencias[:en]Suggestion box[:]\" \/>\n<meta property=\"og:description\" content=\"En Guadalen estamos comprometidos con el desarrollo y la innovaci\u00f3n. Ofrecemos a nuestros clientes la posibilidad de enviarnos cualquier tipo de sugerencia\" \/>\n<meta property=\"og:url\" content=\"https:\/\/guadalen.com\/buzon\" \/>\n<meta property=\"og:site_name\" content=\"Lorca Nutrici\u00f3n Animal S.A.\" \/>\n<meta property=\"article:modified_time\" content=\"2020-02-07T08:25:39+00:00\" \/>\n<meta name=\"twitter:card\" content=\"summary_large_image\" \/>\n<meta name=\"twitter:label1\" content=\"Est. reading time\" \/>\n\t<meta name=\"twitter:data1\" content=\"4 minutes\" \/>\n<script type=\"application\/ld+json\" class=\"yoast-schema-graph\">{\"@context\":\"https:\/\/schema.org\",\"@graph\":[{\"@type\":\"WebPage\",\"@id\":\"https:\/\/guadalen.com\/buzon\",\"url\":\"https:\/\/guadalen.com\/buzon\",\"name\":\"[:es]Buz\u00f3n de Sugerencias[:en]Suggestion box[:] &#8902; Guadalen\",\"isPartOf\":{\"@id\":\"https:\/\/guadalen.com\/#website\"},\"datePublished\":\"2016-08-17T10:19:13+00:00\",\"dateModified\":\"2020-02-07T08:25:39+00:00\",\"description\":\"En Guadalen estamos comprometidos con el desarrollo y la innovaci\u00f3n. Ofrecemos a nuestros clientes la posibilidad de enviarnos cualquier tipo de sugerencia\",\"breadcrumb\":{\"@id\":\"https:\/\/guadalen.com\/buzon#breadcrumb\"},\"inLanguage\":\"en-US\",\"potentialAction\":[{\"@type\":\"ReadAction\",\"target\":[\"https:\/\/guadalen.com\/buzon\"]}]},{\"@type\":\"BreadcrumbList\",\"@id\":\"https:\/\/guadalen.com\/buzon#breadcrumb\",\"itemListElement\":[{\"@type\":\"ListItem\",\"position\":1,\"name\":\"Portada\",\"item\":\"https:\/\/guadalen.com\/\"},{\"@type\":\"ListItem\",\"position\":2,\"name\":\"Buz\u00f3n de Sugerencias\"}]},{\"@type\":\"WebSite\",\"@id\":\"https:\/\/guadalen.com\/#website\",\"url\":\"https:\/\/guadalen.com\/\",\"name\":\"Lorca Nutrici\u00f3n Animal S.A.\",\"description\":\"Lorca Nutrici\u00f3n Animal es una empresa dedicada a la fabricaci\u00f3n de premezclas vitam\u00ednico-minerales y otros productos para la alimentaci\u00f3n de todas las especies ganaderas y fases productivas.\",\"publisher\":{\"@id\":\"https:\/\/guadalen.com\/#organization\"},\"potentialAction\":[{\"@type\":\"SearchAction\",\"target\":{\"@type\":\"EntryPoint\",\"urlTemplate\":\"https:\/\/guadalen.com\/?s={search_term_string}\"},\"query-input\":\"required name=search_term_string\"}],\"inLanguage\":\"en-US\"},{\"@type\":\"Organization\",\"@id\":\"https:\/\/guadalen.com\/#organization\",\"name\":\"Guadalen\",\"url\":\"https:\/\/guadalen.com\/\",\"logo\":{\"@type\":\"ImageObject\",\"inLanguage\":\"en-US\",\"@id\":\"https:\/\/guadalen.com\/#\/schema\/logo\/image\/\",\"url\":\"http:\/\/guadalen.com\/wp-content\/uploads\/logo.png\",\"contentUrl\":\"http:\/\/guadalen.com\/wp-content\/uploads\/logo.png\",\"width\":137,\"height\":123,\"caption\":\"Guadalen\"},\"image\":{\"@id\":\"https:\/\/guadalen.com\/#\/schema\/logo\/image\/\"}}]}<\/script>\n<!-- \/ Yoast SEO Premium plugin. -->","yoast_head_json":{"title":"[:es]Buz\u00f3n de Sugerencias[:en]Suggestion box[:] &#8902; Guadalen","description":"En Guadalen estamos comprometidos con el desarrollo y la innovaci\u00f3n. Ofrecemos a nuestros clientes la posibilidad de enviarnos cualquier tipo de sugerencia","robots":{"index":"index","follow":"follow","max-snippet":"max-snippet:-1","max-image-preview":"max-image-preview:large","max-video-preview":"max-video-preview:-1"},"canonical":"https:\/\/guadalen.com\/buzon","og_locale":"en_US","og_type":"article","og_title":"[:es]Buz\u00f3n de Sugerencias[:en]Suggestion box[:]","og_description":"En Guadalen estamos comprometidos con el desarrollo y la innovaci\u00f3n. Ofrecemos a nuestros clientes la posibilidad de enviarnos cualquier tipo de sugerencia","og_url":"https:\/\/guadalen.com\/buzon","og_site_name":"Lorca Nutrici\u00f3n Animal S.A.","article_modified_time":"2020-02-07T08:25:39+00:00","twitter_card":"summary_large_image","twitter_misc":{"Est. reading time":"4 minutes"},"schema":{"@context":"https:\/\/schema.org","@graph":[{"@type":"WebPage","@id":"https:\/\/guadalen.com\/buzon","url":"https:\/\/guadalen.com\/buzon","name":"[:es]Buz\u00f3n de Sugerencias[:en]Suggestion box[:] &#8902; Guadalen","isPartOf":{"@id":"https:\/\/guadalen.com\/#website"},"datePublished":"2016-08-17T10:19:13+00:00","dateModified":"2020-02-07T08:25:39+00:00","description":"En Guadalen estamos comprometidos con el desarrollo y la innovaci\u00f3n. Ofrecemos a nuestros clientes la posibilidad de enviarnos cualquier tipo de sugerencia","breadcrumb":{"@id":"https:\/\/guadalen.com\/buzon#breadcrumb"},"inLanguage":"en-US","potentialAction":[{"@type":"ReadAction","target":["https:\/\/guadalen.com\/buzon"]}]},{"@type":"BreadcrumbList","@id":"https:\/\/guadalen.com\/buzon#breadcrumb","itemListElement":[{"@type":"ListItem","position":1,"name":"Portada","item":"https:\/\/guadalen.com\/"},{"@type":"ListItem","position":2,"name":"Buz\u00f3n de Sugerencias"}]},{"@type":"WebSite","@id":"https:\/\/guadalen.com\/#website","url":"https:\/\/guadalen.com\/","name":"Lorca Nutrici\u00f3n Animal S.A.","description":"Lorca Nutrici\u00f3n Animal es una empresa dedicada a la fabricaci\u00f3n de premezclas vitam\u00ednico-minerales y otros productos para la alimentaci\u00f3n de todas las especies ganaderas y fases productivas.","publisher":{"@id":"https:\/\/guadalen.com\/#organization"},"potentialAction":[{"@type":"SearchAction","target":{"@type":"EntryPoint","urlTemplate":"https:\/\/guadalen.com\/?s={search_term_string}"},"query-input":"required name=search_term_string"}],"inLanguage":"en-US"},{"@type":"Organization","@id":"https:\/\/guadalen.com\/#organization","name":"Guadalen","url":"https:\/\/guadalen.com\/","logo":{"@type":"ImageObject","inLanguage":"en-US","@id":"https:\/\/guadalen.com\/#\/schema\/logo\/image\/","url":"http:\/\/guadalen.com\/wp-content\/uploads\/logo.png","contentUrl":"http:\/\/guadalen.com\/wp-content\/uploads\/logo.png","width":137,"height":123,"caption":"Guadalen"},"image":{"@id":"https:\/\/guadalen.com\/#\/schema\/logo\/image\/"}}]}},"_links":{"self":[{"href":"https:\/\/guadalen.com\/en\/wp-json\/wp\/v2\/pages\/320"}],"collection":[{"href":"https:\/\/guadalen.com\/en\/wp-json\/wp\/v2\/pages"}],"about":[{"href":"https:\/\/guadalen.com\/en\/wp-json\/wp\/v2\/types\/page"}],"author":[{"embeddable":true,"href":"https:\/\/guadalen.com\/en\/wp-json\/wp\/v2\/users\/2"}],"replies":[{"embeddable":true,"href":"https:\/\/guadalen.com\/en\/wp-json\/wp\/v2\/comments?post=320"}],"version-history":[{"count":1,"href":"https:\/\/guadalen.com\/en\/wp-json\/wp\/v2\/pages\/320\/revisions"}],"predecessor-version":[{"id":1009,"href":"https:\/\/guadalen.com\/en\/wp-json\/wp\/v2\/pages\/320\/revisions\/1009"}],"wp:attachment":[{"href":"https:\/\/guadalen.com\/en\/wp-json\/wp\/v2\/media?parent=320"}],"curies":[{"name":"wp","href":"https:\/\/api.w.org\/{rel}","templated":true}]}}