{"id":282,"date":"2016-08-17T09:31:23","date_gmt":"2016-08-17T09:31:23","guid":{"rendered":"https:\/\/guadalen.com\/?page_id=282"},"modified":"2020-02-07T08:18:31","modified_gmt":"2020-02-07T08:18:31","slug":"fuentes-proteicas-para-nutricion-animal","status":"publish","type":"page","link":"https:\/\/guadalen.com\/en\/fuentes-proteicas-para-nutricion-animal","title":{"rendered":"Fuentes Proteicas para Nutricion Animal"},"content":{"rendered":"[mk_page_section layout_structure=&#8221;full&#8221; attachment=&#8221;scroll&#8221; bg_position=&#8221;left top&#8221; bg_repeat=&#8221;repeat&#8221; bg_stretch=&#8221;false&#8221; enable_3d=&#8221;false&#8221; speed_factor=&#8221;0.3&#8243; bg_video=&#8221;no&#8221; video_mask=&#8221;false&#8221; bg_gradient=&#8221;false&#8221; gr_end=&#8221;#1e73be&#8221; video_opacity=&#8221;0.6&#8243; top_shadow=&#8221;false&#8221; section_layout=&#8221;full&#8221; sidebar=&#8221;sidebar-1&#8243; min_height=&#8221;0&#8243; full_width=&#8221;true&#8221; full_height=&#8221;false&#8221; intro_effect=&#8221;false&#8221; padding_top=&#8221;0&#8243; padding_bottom=&#8221;0&#8243; margin_bottom=&#8221;0&#8243; first_page=&#8221;false&#8221; last_page=&#8221;false&#8221;][vc_column width=&#8221;1\/1&#8243;][mk_revslider id=&#8221;0&#8243;][\/vc_column][\/mk_page_section][mk_page_section layout_structure=&#8221;full&#8221; attachment=&#8221;scroll&#8221; bg_position=&#8221;left top&#8221; bg_repeat=&#8221;repeat&#8221; bg_stretch=&#8221;false&#8221; enable_3d=&#8221;false&#8221; speed_factor=&#8221;0.3&#8243; bg_video=&#8221;no&#8221; video_mask=&#8221;false&#8221; bg_gradient=&#8221;false&#8221; gr_end=&#8221;#1e73be&#8221; video_opacity=&#8221;0.6&#8243; top_shadow=&#8221;false&#8221; section_layout=&#8221;full&#8221; sidebar=&#8221;sidebar-1&#8243; min_height=&#8221;0&#8243; full_width=&#8221;false&#8221; full_height=&#8221;false&#8221; intro_effect=&#8221;false&#8221; padding_top=&#8221;30&#8243; padding_bottom=&#8221;30&#8243; margin_bottom=&#8221;0&#8243; first_page=&#8221;false&#8221; last_page=&#8221;false&#8221; animation=&#8221;scale-up&#8221;][vc_column width=&#8221;1\/1&#8243;][mk_fancy_title tag_name=&#8221;h2&#8243; style=&#8221;false&#8221; color=&#8221;#005433&#8243; size=&#8221;30&#8243; font_weight=&#8221;bold&#8221; font_style=&#8221;inhert&#8221; txt_transform=&#8221;uppercase&#8221; letter_spacing=&#8221;0&#8243; margin_top=&#8221;0&#8243; margin_bottom=&#8221;0&#8243; font_family=&#8221;none&#8221; align=&#8221;center&#8221;]\n<p>Fuentes Proteicas para Nutricion Animal<\/p>\n[\/mk_fancy_title][\/vc_column][\/mk_page_section][mk_page_section layout_structure=&#8221;full&#8221; attachment=&#8221;scroll&#8221; bg_position=&#8221;left top&#8221; bg_repeat=&#8221;repeat&#8221; bg_stretch=&#8221;false&#8221; enable_3d=&#8221;false&#8221; speed_factor=&#8221;0.3&#8243; bg_video=&#8221;no&#8221; video_mask=&#8221;false&#8221; bg_gradient=&#8221;false&#8221; gr_end=&#8221;#1e73be&#8221; video_opacity=&#8221;0.6&#8243; top_shadow=&#8221;false&#8221; section_layout=&#8221;full&#8221; sidebar=&#8221;sidebar-1&#8243; min_height=&#8221;0&#8243; full_width=&#8221;false&#8221; full_height=&#8221;false&#8221; intro_effect=&#8221;false&#8221; padding_top=&#8221;40&#8243; padding_bottom=&#8221;0&#8243; margin_bottom=&#8221;0&#8243; first_page=&#8221;false&#8221; last_page=&#8221;false&#8221; animation=&#8221;scale-up&#8221; bg_color=&#8221;#005433&#8243;][vc_column width=&#8221;1\/2&#8243;][vc_column_text disable_pattern=&#8221;true&#8221; align=&#8221;left&#8221; margin_bottom=&#8221;0&#8243; el_class=&#8221;blanco&#8221;]A pesar de que la fuente proteica por antonomasia en nutrici\u00f3n animal es la torta de soja, y que en los piensos en general, las prote\u00ednas se obtienen del correcto balanceo de las cantidades que aportan cada una de las materias primas que forman la formula, tambi\u00e9n sabemos que en animales j\u00f3venes, los factores antinutricionales de la soja combinados con la limitada disponibilidad de las prote\u00ednas incluidas en los cereales, hacen necesario el aporte de fuentes de alta calidad nutricional.<\/p>\n<p><strong>Concentrados de prote\u00edna vegetal<\/strong><\/p>\n<p>La gama PROTILEN, siempre en continua evoluci\u00f3n, la forman una serie de Concentrados Proteicos Vegetales de diferentes porcentajes de Prote\u00edna Bruta (60, 58, 55, etc.), que est\u00e1n dise\u00f1ados y fabricados para sustituir satisfactoriamente a las harinas de pescado en las f\u00e1bricas y molinos que comparten la elaboraci\u00f3n de piensos de monog\u00e1stricos y rumiantes en una sola l\u00ednea. Se trata, pues, de un producto propicio y muy digestible, en los que se ha practicado una reducci\u00f3n de factores antinutricionales hasta una minimizaci\u00f3n eficaz y perfectamente adaptada a todos las formulas de arranque de lechones, mamones, corderos y en general para quien quiera usar una \u201charina de pescado\u201d sin los inconvenientes de \u00e9sta (reacci\u00f3n a aminas biog\u00e9nicas, salmoneras, etc).<br \/>\n[\/vc_column_text][\/vc_column][vc_column width=&#8221;1\/2&#8243;][mk_image image_width=&#8221;900&#8243; image_height=&#8221;882&#8243; crop=&#8221;true&#8221; svg=&#8221;false&#8221; lightbox=&#8221;false&#8221; group=&#8221;_general&#8221; frame_style=&#8221;simple&#8221; target=&#8221;_self&#8221; caption_location=&#8221;inside-image&#8221; align=&#8221;left&#8221; margin_bottom=&#8221;0&#8243; src=&#8221;http:\/\/guadalen.com\/wp-content\/uploads\/fuentes.jpg&#8221;][\/vc_column][\/mk_page_section][mk_page_section layout_structure=&#8221;full&#8221; attachment=&#8221;scroll&#8221; bg_position=&#8221;left top&#8221; bg_repeat=&#8221;repeat&#8221; bg_stretch=&#8221;false&#8221; enable_3d=&#8221;false&#8221; speed_factor=&#8221;0.3&#8243; bg_video=&#8221;no&#8221; video_mask=&#8221;false&#8221; bg_gradient=&#8221;false&#8221; gr_end=&#8221;#1e73be&#8221; video_opacity=&#8221;0.6&#8243; top_shadow=&#8221;false&#8221; section_layout=&#8221;full&#8221; sidebar=&#8221;sidebar-1&#8243; min_height=&#8221;0&#8243; full_width=&#8221;false&#8221; full_height=&#8221;false&#8221; intro_effect=&#8221;false&#8221; padding_top=&#8221;40&#8243; padding_bottom=&#8221;40&#8243; margin_bottom=&#8221;0&#8243; first_page=&#8221;false&#8221; last_page=&#8221;false&#8221; animation=&#8221;scale-up&#8221; bg_color=&#8221;#005433&#8243;][vc_column width=&#8221;1\/1&#8243;][vc_column_text disable_pattern=&#8221;true&#8221; align=&#8221;left&#8221; margin_bottom=&#8221;0&#8243; el_class=&#8221;blanco&#8221;]\n<p><strong>Harinas de pescado<br \/>\n<\/strong><br \/>\nTanto Nacional Gallega del tipo Standard 60-65% P.B. como importadas de sudamerica tipo LT, secadas con vapor o en procesos de vaci\u00f3 a baja temperatura y que aportan del orden del 70% de Prote\u00edna Bruta.<\/p>\n<p><strong>Amino\u00e1cidos<\/strong><\/p>\n<p>Lisina, Metionina, Treonina y Triptofano..[\/vc_column_text][\/vc_column][\/mk_page_section]","protected":false},"excerpt":{"rendered":"<p>[mk_page_section layout_structure=&#8221;full&#8221; attachment=&#8221;scroll&#8221; bg_position=&#8221;left top&#8221; bg_repeat=&#8221;repeat&#8221; bg_stretch=&#8221;false&#8221; enable_3d=&#8221;false&#8221; speed_factor=&#8221;0.3&#8243; bg_video=&#8221;no&#8221; video_mask=&#8221;false&#8221; bg_gradient=&#8221;false&#8221; gr_end=&#8221;#1e73be&#8221; video_opacity=&#8221;0.6&#8243; top_shadow=&#8221;false&#8221; section_layout=&#8221;full&#8221; sidebar=&#8221;sidebar-1&#8243; min_height=&#8221;0&#8243; full_width=&#8221;true&#8221; full_height=&#8221;false&#8221; intro_effect=&#8221;false&#8221; padding_top=&#8221;0&#8243; padding_bottom=&#8221;0&#8243; margin_bottom=&#8221;0&#8243; first_page=&#8221;false&#8221; last_page=&#8221;false&#8221;][vc_column width=&#8221;1\/1&#8243;][mk_revslider id=&#8221;0&#8243;][\/vc_column][\/mk_page_section][mk_page_section layout_structure=&#8221;full&#8221; attachment=&#8221;scroll&#8221; bg_position=&#8221;left top&#8221; bg_repeat=&#8221;repeat&#8221; bg_stretch=&#8221;false&#8221; enable_3d=&#8221;false&#8221; speed_factor=&#8221;0.3&#8243; bg_video=&#8221;no&#8221; video_mask=&#8221;false&#8221; bg_gradient=&#8221;false&#8221; gr_end=&#8221;#1e73be&#8221; video_opacity=&#8221;0.6&#8243; top_shadow=&#8221;false&#8221; section_layout=&#8221;full&#8221; sidebar=&#8221;sidebar-1&#8243; min_height=&#8221;0&#8243; full_width=&#8221;false&#8221; full_height=&#8221;false&#8221; intro_effect=&#8221;false&#8221; padding_top=&#8221;30&#8243; padding_bottom=&#8221;30&#8243; margin_bottom=&#8221;0&#8243; first_page=&#8221;false&#8221; last_page=&#8221;false&#8221; animation=&#8221;scale-up&#8221;][vc_column width=&#8221;1\/1&#8243;][mk_fancy_title [&hellip;]<\/p>\n","protected":false},"author":2,"featured_media":0,"parent":0,"menu_order":0,"comment_status":"closed","ping_status":"closed","template":"","meta":[],"yoast_head":"<!-- This site is optimized with the Yoast SEO Premium plugin v19.2.1 (Yoast SEO v19.14) - https:\/\/yoast.com\/wordpress\/plugins\/seo\/ -->\n<title>Fuentes Proteicas para Nutricion Animal &#8902; Guadalen<\/title>\n<meta name=\"description\" content=\"Las fuentes proteicas para la nutrici\u00f3n animal pueden ser muy variadas. Tradicionalmente es la torta de soja, pero hay muchas otras m\u00e1s saludables.\" \/>\n<meta name=\"robots\" content=\"index, follow, max-snippet:-1, max-image-preview:large, max-video-preview:-1\" \/>\n<link rel=\"canonical\" href=\"https:\/\/guadalen.com\/fuentes-proteicas-para-nutricion-animal\" \/>\n<meta property=\"og:locale\" content=\"en_US\" \/>\n<meta property=\"og:type\" content=\"article\" \/>\n<meta property=\"og:title\" content=\"Fuentes Proteicas para Nutricion Animal\" \/>\n<meta property=\"og:description\" content=\"Las fuentes proteicas para la nutrici\u00f3n animal pueden ser muy variadas. Tradicionalmente es la torta de soja, pero hay muchas otras m\u00e1s saludables.\" \/>\n<meta property=\"og:url\" content=\"https:\/\/guadalen.com\/fuentes-proteicas-para-nutricion-animal\" \/>\n<meta property=\"og:site_name\" content=\"Lorca Nutrici\u00f3n Animal S.A.\" \/>\n<meta property=\"article:modified_time\" content=\"2020-02-07T08:18:31+00:00\" \/>\n<meta name=\"twitter:card\" content=\"summary_large_image\" \/>\n<meta name=\"twitter:label1\" content=\"Est. reading time\" \/>\n\t<meta name=\"twitter:data1\" content=\"7 minutes\" \/>\n<script type=\"application\/ld+json\" class=\"yoast-schema-graph\">{\"@context\":\"https:\/\/schema.org\",\"@graph\":[{\"@type\":\"WebPage\",\"@id\":\"https:\/\/guadalen.com\/fuentes-proteicas-para-nutricion-animal\",\"url\":\"https:\/\/guadalen.com\/fuentes-proteicas-para-nutricion-animal\",\"name\":\"Fuentes Proteicas para Nutricion Animal &#8902; Guadalen\",\"isPartOf\":{\"@id\":\"https:\/\/guadalen.com\/#website\"},\"datePublished\":\"2016-08-17T09:31:23+00:00\",\"dateModified\":\"2020-02-07T08:18:31+00:00\",\"description\":\"Las fuentes proteicas para la nutrici\u00f3n animal pueden ser muy variadas. Tradicionalmente es la torta de soja, pero hay muchas otras m\u00e1s saludables.\",\"breadcrumb\":{\"@id\":\"https:\/\/guadalen.com\/fuentes-proteicas-para-nutricion-animal#breadcrumb\"},\"inLanguage\":\"en-US\",\"potentialAction\":[{\"@type\":\"ReadAction\",\"target\":[\"https:\/\/guadalen.com\/fuentes-proteicas-para-nutricion-animal\"]}]},{\"@type\":\"BreadcrumbList\",\"@id\":\"https:\/\/guadalen.com\/fuentes-proteicas-para-nutricion-animal#breadcrumb\",\"itemListElement\":[{\"@type\":\"ListItem\",\"position\":1,\"name\":\"Portada\",\"item\":\"https:\/\/guadalen.com\/\"},{\"@type\":\"ListItem\",\"position\":2,\"name\":\"Fuentes Proteicas para Nutricion Animal\"}]},{\"@type\":\"WebSite\",\"@id\":\"https:\/\/guadalen.com\/#website\",\"url\":\"https:\/\/guadalen.com\/\",\"name\":\"Lorca Nutrici\u00f3n Animal S.A.\",\"description\":\"Lorca Nutrici\u00f3n Animal es una empresa dedicada a la fabricaci\u00f3n de premezclas vitam\u00ednico-minerales y otros productos para la alimentaci\u00f3n de todas las especies ganaderas y fases productivas.\",\"publisher\":{\"@id\":\"https:\/\/guadalen.com\/#organization\"},\"potentialAction\":[{\"@type\":\"SearchAction\",\"target\":{\"@type\":\"EntryPoint\",\"urlTemplate\":\"https:\/\/guadalen.com\/?s={search_term_string}\"},\"query-input\":\"required name=search_term_string\"}],\"inLanguage\":\"en-US\"},{\"@type\":\"Organization\",\"@id\":\"https:\/\/guadalen.com\/#organization\",\"name\":\"Guadalen\",\"url\":\"https:\/\/guadalen.com\/\",\"logo\":{\"@type\":\"ImageObject\",\"inLanguage\":\"en-US\",\"@id\":\"https:\/\/guadalen.com\/#\/schema\/logo\/image\/\",\"url\":\"http:\/\/guadalen.com\/wp-content\/uploads\/logo.png\",\"contentUrl\":\"http:\/\/guadalen.com\/wp-content\/uploads\/logo.png\",\"width\":137,\"height\":123,\"caption\":\"Guadalen\"},\"image\":{\"@id\":\"https:\/\/guadalen.com\/#\/schema\/logo\/image\/\"}}]}<\/script>\n<!-- \/ Yoast SEO Premium plugin. -->","yoast_head_json":{"title":"Fuentes Proteicas para Nutricion Animal &#8902; Guadalen","description":"Las fuentes proteicas para la nutrici\u00f3n animal pueden ser muy variadas. Tradicionalmente es la torta de soja, pero hay muchas otras m\u00e1s saludables.","robots":{"index":"index","follow":"follow","max-snippet":"max-snippet:-1","max-image-preview":"max-image-preview:large","max-video-preview":"max-video-preview:-1"},"canonical":"https:\/\/guadalen.com\/fuentes-proteicas-para-nutricion-animal","og_locale":"en_US","og_type":"article","og_title":"Fuentes Proteicas para Nutricion Animal","og_description":"Las fuentes proteicas para la nutrici\u00f3n animal pueden ser muy variadas. Tradicionalmente es la torta de soja, pero hay muchas otras m\u00e1s saludables.","og_url":"https:\/\/guadalen.com\/fuentes-proteicas-para-nutricion-animal","og_site_name":"Lorca Nutrici\u00f3n Animal S.A.","article_modified_time":"2020-02-07T08:18:31+00:00","twitter_card":"summary_large_image","twitter_misc":{"Est. reading time":"7 minutes"},"schema":{"@context":"https:\/\/schema.org","@graph":[{"@type":"WebPage","@id":"https:\/\/guadalen.com\/fuentes-proteicas-para-nutricion-animal","url":"https:\/\/guadalen.com\/fuentes-proteicas-para-nutricion-animal","name":"Fuentes Proteicas para Nutricion Animal &#8902; Guadalen","isPartOf":{"@id":"https:\/\/guadalen.com\/#website"},"datePublished":"2016-08-17T09:31:23+00:00","dateModified":"2020-02-07T08:18:31+00:00","description":"Las fuentes proteicas para la nutrici\u00f3n animal pueden ser muy variadas. Tradicionalmente es la torta de soja, pero hay muchas otras m\u00e1s saludables.","breadcrumb":{"@id":"https:\/\/guadalen.com\/fuentes-proteicas-para-nutricion-animal#breadcrumb"},"inLanguage":"en-US","potentialAction":[{"@type":"ReadAction","target":["https:\/\/guadalen.com\/fuentes-proteicas-para-nutricion-animal"]}]},{"@type":"BreadcrumbList","@id":"https:\/\/guadalen.com\/fuentes-proteicas-para-nutricion-animal#breadcrumb","itemListElement":[{"@type":"ListItem","position":1,"name":"Portada","item":"https:\/\/guadalen.com\/"},{"@type":"ListItem","position":2,"name":"Fuentes Proteicas para Nutricion Animal"}]},{"@type":"WebSite","@id":"https:\/\/guadalen.com\/#website","url":"https:\/\/guadalen.com\/","name":"Lorca Nutrici\u00f3n Animal S.A.","description":"Lorca Nutrici\u00f3n Animal es una empresa dedicada a la fabricaci\u00f3n de premezclas vitam\u00ednico-minerales y otros productos para la alimentaci\u00f3n de todas las especies ganaderas y fases productivas.","publisher":{"@id":"https:\/\/guadalen.com\/#organization"},"potentialAction":[{"@type":"SearchAction","target":{"@type":"EntryPoint","urlTemplate":"https:\/\/guadalen.com\/?s={search_term_string}"},"query-input":"required name=search_term_string"}],"inLanguage":"en-US"},{"@type":"Organization","@id":"https:\/\/guadalen.com\/#organization","name":"Guadalen","url":"https:\/\/guadalen.com\/","logo":{"@type":"ImageObject","inLanguage":"en-US","@id":"https:\/\/guadalen.com\/#\/schema\/logo\/image\/","url":"http:\/\/guadalen.com\/wp-content\/uploads\/logo.png","contentUrl":"http:\/\/guadalen.com\/wp-content\/uploads\/logo.png","width":137,"height":123,"caption":"Guadalen"},"image":{"@id":"https:\/\/guadalen.com\/#\/schema\/logo\/image\/"}}]}},"_links":{"self":[{"href":"https:\/\/guadalen.com\/en\/wp-json\/wp\/v2\/pages\/282"}],"collection":[{"href":"https:\/\/guadalen.com\/en\/wp-json\/wp\/v2\/pages"}],"about":[{"href":"https:\/\/guadalen.com\/en\/wp-json\/wp\/v2\/types\/page"}],"author":[{"embeddable":true,"href":"https:\/\/guadalen.com\/en\/wp-json\/wp\/v2\/users\/2"}],"replies":[{"embeddable":true,"href":"https:\/\/guadalen.com\/en\/wp-json\/wp\/v2\/comments?post=282"}],"version-history":[{"count":1,"href":"https:\/\/guadalen.com\/en\/wp-json\/wp\/v2\/pages\/282\/revisions"}],"predecessor-version":[{"id":1003,"href":"https:\/\/guadalen.com\/en\/wp-json\/wp\/v2\/pages\/282\/revisions\/1003"}],"wp:attachment":[{"href":"https:\/\/guadalen.com\/en\/wp-json\/wp\/v2\/media?parent=282"}],"curies":[{"name":"wp","href":"https:\/\/api.w.org\/{rel}","templated":true}]}}