{"id":241,"date":"2016-08-17T08:43:51","date_gmt":"2016-08-17T08:43:51","guid":{"rendered":"https:\/\/guadalen.com\/?page_id=241"},"modified":"2026-03-10T08:37:25","modified_gmt":"2026-03-10T08:37:25","slug":"correctores-para-nutricion-animal","status":"publish","type":"page","link":"https:\/\/guadalen.com\/en\/correctores-para-nutricion-animal","title":{"rendered":"Vitamin-mineral premixes"},"content":{"rendered":"[mk_page_section min_height=&#8221;0&#8243; full_width=&#8221;true&#8221; padding_top=&#8221;0&#8243; padding_bottom=&#8221;0&#8243; sidebar=&#8221;sidebar-1&#8243; first_page=&#8221;false&#8221; last_page=&#8221;false&#8221;][vc_column][mk_revslider id=&#8221;0&#8243;][\/vc_column][\/mk_page_section][mk_page_section min_height=&#8221;0&#8243; padding_top=&#8221;30&#8243; padding_bottom=&#8221;30&#8243; animation=&#8221;scale-up&#8221; sidebar=&#8221;sidebar-1&#8243; first_page=&#8221;false&#8221; last_page=&#8221;false&#8221;][vc_column][mk_fancy_title tag_name=&#8221;h1&#8243; color=&#8221;#005433&#8243; size=&#8221;30&#8243; font_weight=&#8221;bold&#8221; font_style=&#8221;inhert&#8221; txt_transform=&#8221;uppercase&#8221; margin_bottom=&#8221;0&#8243; font_family=&#8221;none&#8221; align=&#8221;center&#8221;]Correctores para Nutricion Animal[\/mk_fancy_title][\/vc_column][\/mk_page_section][mk_page_section bg_color=&#8221;#005433&#8243; min_height=&#8221;0&#8243; padding_top=&#8221;40&#8243; padding_bottom=&#8221;40&#8243; animation=&#8221;scale-up&#8221; sidebar=&#8221;sidebar-1&#8243; first_page=&#8221;false&#8221; last_page=&#8221;false&#8221;][vc_column width=&#8221;1\/2&#8243;][vc_column_text el_class=&#8221;blanco&#8221;]Ideados y fabricados teniendo en cuenta las particularidades de cada una de las especies productivas (Porcino, Vacuno, Ovino, Caprino, Cunicultura, Aves, etc.) tanto en la modalidad de baja densidad (Macrocorrectores) como de alta densidad (Microcorrectores), est\u00e1n dise\u00f1ados para todas las fases y tipos de producci\u00f3n: iniciaci\u00f3n, crecimiento, madres, producci\u00f3n l\u00e1ctea, ad-libitum, etc.<\/p>\n<p>Pero en GUADAL\u00c9N NUTRICION aun vamos m\u00e1s all\u00e1 en nuestro af\u00e1n de ofrecer a nuestro cliente el mayor numero de posibilidades donde elegir, y as\u00ed, dentro de cada fase se elaboran tres tipos de l\u00edneas: Correctores de Gama B\u00e1sica con una relaci\u00f3n calidad\/precio inmejorable, Correctores Especiales (complementados con aditivos como fitasas, extractos vegetales, xilanasas y glucanasas, y\/o enriquecidos en sus niveles de vitaminas y minerales, destinados a la alta producci\u00f3n, al acabado de canales, etc.) y L\u00edneas Abiertas de Dise\u00f1o Especifico adaptado individualmente a los clientes que lo requieran y su producci\u00f3n sea justificada.[\/vc_column_text][\/vc_column][vc_column width=&#8221;1\/2&#8243;][mk_image src=&#8221;http:\/\/guadalen.com\/wp-content\/uploads\/IMG-20210521-WA0004.jpg&#8221; image_width=&#8221;578&#8243; image_height=&#8221;363&#8243; group=&#8221;_general&#8221; margin_bottom=&#8221;0&#8243; crop=&#8221;true&#8221;][\/vc_column][\/mk_page_section]\n","protected":false},"excerpt":{"rendered":"<p>[mk_page_section min_height=&#8221;0&#8243; full_width=&#8221;true&#8221; padding_top=&#8221;0&#8243; padding_bottom=&#8221;0&#8243; sidebar=&#8221;sidebar-1&#8243; first_page=&#8221;false&#8221; last_page=&#8221;false&#8221;][vc_column][mk_revslider id=&#8221;0&#8243;][\/vc_column][\/mk_page_section][mk_page_section min_height=&#8221;0&#8243; padding_top=&#8221;30&#8243; padding_bottom=&#8221;30&#8243; animation=&#8221;scale-up&#8221; sidebar=&#8221;sidebar-1&#8243; first_page=&#8221;false&#8221; last_page=&#8221;false&#8221;][vc_column][mk_fancy_title tag_name=&#8221;h1&#8243; color=&#8221;#005433&#8243; size=&#8221;30&#8243; font_weight=&#8221;bold&#8221; font_style=&#8221;inhert&#8221; txt_transform=&#8221;uppercase&#8221; margin_bottom=&#8221;0&#8243; font_family=&#8221;none&#8221; align=&#8221;center&#8221;]Correctores para Nutricion Animal[\/mk_fancy_title][\/vc_column][\/mk_page_section][mk_page_section bg_color=&#8221;#005433&#8243; min_height=&#8221;0&#8243; padding_top=&#8221;40&#8243; padding_bottom=&#8221;40&#8243; animation=&#8221;scale-up&#8221; sidebar=&#8221;sidebar-1&#8243; first_page=&#8221;false&#8221; last_page=&#8221;false&#8221;][vc_column width=&#8221;1\/2&#8243;][vc_column_text el_class=&#8221;blanco&#8221;]Ideados y fabricados teniendo en cuenta las particularidades de cada una de las especies productivas (Porcino, Vacuno, Ovino, [&hellip;]<\/p>\n","protected":false},"author":2,"featured_media":0,"parent":0,"menu_order":0,"comment_status":"closed","ping_status":"closed","template":"","meta":[],"yoast_head":"<!-- This site is optimized with the Yoast SEO Premium plugin v19.2.1 (Yoast SEO v19.14) - https:\/\/yoast.com\/wordpress\/plugins\/seo\/ -->\n<title>Correctores para Nutrici\u00f3n Animal | Guadalen<\/title>\n<meta name=\"description\" content=\"Los correctores para nutrici\u00f3n animal de Guadalen est\u00e1n fabricados teniendo en cuenta las particularidades de cada especia productiva.\" \/>\n<meta name=\"robots\" content=\"index, follow, max-snippet:-1, max-image-preview:large, max-video-preview:-1\" \/>\n<link rel=\"canonical\" href=\"https:\/\/guadalen.com\/correctores-para-nutricion-animal\" \/>\n<meta property=\"og:locale\" content=\"en_US\" \/>\n<meta property=\"og:type\" content=\"article\" \/>\n<meta property=\"og:title\" content=\"[:es]Correctores para Nutricion Animal[:en]Vitamin-mineral premixes[:]\" \/>\n<meta property=\"og:description\" content=\"Los correctores para nutrici\u00f3n animal de Guadalen est\u00e1n fabricados teniendo en cuenta las particularidades de cada especia productiva.\" \/>\n<meta property=\"og:url\" content=\"https:\/\/guadalen.com\/correctores-para-nutricion-animal\" \/>\n<meta property=\"og:site_name\" content=\"Lorca Nutrici\u00f3n Animal S.A.\" \/>\n<meta property=\"article:modified_time\" content=\"2026-03-10T08:37:25+00:00\" \/>\n<meta name=\"twitter:card\" content=\"summary_large_image\" \/>\n<meta name=\"twitter:label1\" content=\"Est. reading time\" \/>\n\t<meta name=\"twitter:data1\" content=\"1 minute\" \/>\n<script type=\"application\/ld+json\" class=\"yoast-schema-graph\">{\"@context\":\"https:\/\/schema.org\",\"@graph\":[{\"@type\":\"WebPage\",\"@id\":\"https:\/\/guadalen.com\/correctores-para-nutricion-animal\",\"url\":\"https:\/\/guadalen.com\/correctores-para-nutricion-animal\",\"name\":\"Correctores para Nutrici\u00f3n Animal | Guadalen\",\"isPartOf\":{\"@id\":\"https:\/\/guadalen.com\/#website\"},\"datePublished\":\"2016-08-17T08:43:51+00:00\",\"dateModified\":\"2026-03-10T08:37:25+00:00\",\"description\":\"Los correctores para nutrici\u00f3n animal de Guadalen est\u00e1n fabricados teniendo en cuenta las particularidades de cada especia productiva.\",\"breadcrumb\":{\"@id\":\"https:\/\/guadalen.com\/correctores-para-nutricion-animal#breadcrumb\"},\"inLanguage\":\"en-US\",\"potentialAction\":[{\"@type\":\"ReadAction\",\"target\":[\"https:\/\/guadalen.com\/correctores-para-nutricion-animal\"]}]},{\"@type\":\"BreadcrumbList\",\"@id\":\"https:\/\/guadalen.com\/correctores-para-nutricion-animal#breadcrumb\",\"itemListElement\":[{\"@type\":\"ListItem\",\"position\":1,\"name\":\"Portada\",\"item\":\"https:\/\/guadalen.com\/\"},{\"@type\":\"ListItem\",\"position\":2,\"name\":\"Correctores para Nutricion Animal\"}]},{\"@type\":\"WebSite\",\"@id\":\"https:\/\/guadalen.com\/#website\",\"url\":\"https:\/\/guadalen.com\/\",\"name\":\"Lorca Nutrici\u00f3n Animal S.A.\",\"description\":\"Lorca Nutrici\u00f3n Animal es una empresa dedicada a la fabricaci\u00f3n de premezclas vitam\u00ednico-minerales y otros productos para la alimentaci\u00f3n de todas las especies ganaderas y fases productivas.\",\"publisher\":{\"@id\":\"https:\/\/guadalen.com\/#organization\"},\"potentialAction\":[{\"@type\":\"SearchAction\",\"target\":{\"@type\":\"EntryPoint\",\"urlTemplate\":\"https:\/\/guadalen.com\/?s={search_term_string}\"},\"query-input\":\"required name=search_term_string\"}],\"inLanguage\":\"en-US\"},{\"@type\":\"Organization\",\"@id\":\"https:\/\/guadalen.com\/#organization\",\"name\":\"Guadalen\",\"url\":\"https:\/\/guadalen.com\/\",\"logo\":{\"@type\":\"ImageObject\",\"inLanguage\":\"en-US\",\"@id\":\"https:\/\/guadalen.com\/#\/schema\/logo\/image\/\",\"url\":\"http:\/\/guadalen.com\/wp-content\/uploads\/logo.png\",\"contentUrl\":\"http:\/\/guadalen.com\/wp-content\/uploads\/logo.png\",\"width\":137,\"height\":123,\"caption\":\"Guadalen\"},\"image\":{\"@id\":\"https:\/\/guadalen.com\/#\/schema\/logo\/image\/\"}}]}<\/script>\n<!-- \/ Yoast SEO Premium plugin. -->","yoast_head_json":{"title":"Correctores para Nutrici\u00f3n Animal | Guadalen","description":"Los correctores para nutrici\u00f3n animal de Guadalen est\u00e1n fabricados teniendo en cuenta las particularidades de cada especia productiva.","robots":{"index":"index","follow":"follow","max-snippet":"max-snippet:-1","max-image-preview":"max-image-preview:large","max-video-preview":"max-video-preview:-1"},"canonical":"https:\/\/guadalen.com\/correctores-para-nutricion-animal","og_locale":"en_US","og_type":"article","og_title":"[:es]Correctores para Nutricion Animal[:en]Vitamin-mineral premixes[:]","og_description":"Los correctores para nutrici\u00f3n animal de Guadalen est\u00e1n fabricados teniendo en cuenta las particularidades de cada especia productiva.","og_url":"https:\/\/guadalen.com\/correctores-para-nutricion-animal","og_site_name":"Lorca Nutrici\u00f3n Animal S.A.","article_modified_time":"2026-03-10T08:37:25+00:00","twitter_card":"summary_large_image","twitter_misc":{"Est. reading time":"1 minute"},"schema":{"@context":"https:\/\/schema.org","@graph":[{"@type":"WebPage","@id":"https:\/\/guadalen.com\/correctores-para-nutricion-animal","url":"https:\/\/guadalen.com\/correctores-para-nutricion-animal","name":"Correctores para Nutrici\u00f3n Animal | Guadalen","isPartOf":{"@id":"https:\/\/guadalen.com\/#website"},"datePublished":"2016-08-17T08:43:51+00:00","dateModified":"2026-03-10T08:37:25+00:00","description":"Los correctores para nutrici\u00f3n animal de Guadalen est\u00e1n fabricados teniendo en cuenta las particularidades de cada especia productiva.","breadcrumb":{"@id":"https:\/\/guadalen.com\/correctores-para-nutricion-animal#breadcrumb"},"inLanguage":"en-US","potentialAction":[{"@type":"ReadAction","target":["https:\/\/guadalen.com\/correctores-para-nutricion-animal"]}]},{"@type":"BreadcrumbList","@id":"https:\/\/guadalen.com\/correctores-para-nutricion-animal#breadcrumb","itemListElement":[{"@type":"ListItem","position":1,"name":"Portada","item":"https:\/\/guadalen.com\/"},{"@type":"ListItem","position":2,"name":"Correctores para Nutricion Animal"}]},{"@type":"WebSite","@id":"https:\/\/guadalen.com\/#website","url":"https:\/\/guadalen.com\/","name":"Lorca Nutrici\u00f3n Animal S.A.","description":"Lorca Nutrici\u00f3n Animal es una empresa dedicada a la fabricaci\u00f3n de premezclas vitam\u00ednico-minerales y otros productos para la alimentaci\u00f3n de todas las especies ganaderas y fases productivas.","publisher":{"@id":"https:\/\/guadalen.com\/#organization"},"potentialAction":[{"@type":"SearchAction","target":{"@type":"EntryPoint","urlTemplate":"https:\/\/guadalen.com\/?s={search_term_string}"},"query-input":"required name=search_term_string"}],"inLanguage":"en-US"},{"@type":"Organization","@id":"https:\/\/guadalen.com\/#organization","name":"Guadalen","url":"https:\/\/guadalen.com\/","logo":{"@type":"ImageObject","inLanguage":"en-US","@id":"https:\/\/guadalen.com\/#\/schema\/logo\/image\/","url":"http:\/\/guadalen.com\/wp-content\/uploads\/logo.png","contentUrl":"http:\/\/guadalen.com\/wp-content\/uploads\/logo.png","width":137,"height":123,"caption":"Guadalen"},"image":{"@id":"https:\/\/guadalen.com\/#\/schema\/logo\/image\/"}}]}},"_links":{"self":[{"href":"https:\/\/guadalen.com\/en\/wp-json\/wp\/v2\/pages\/241"}],"collection":[{"href":"https:\/\/guadalen.com\/en\/wp-json\/wp\/v2\/pages"}],"about":[{"href":"https:\/\/guadalen.com\/en\/wp-json\/wp\/v2\/types\/page"}],"author":[{"embeddable":true,"href":"https:\/\/guadalen.com\/en\/wp-json\/wp\/v2\/users\/2"}],"replies":[{"embeddable":true,"href":"https:\/\/guadalen.com\/en\/wp-json\/wp\/v2\/comments?post=241"}],"version-history":[{"count":3,"href":"https:\/\/guadalen.com\/en\/wp-json\/wp\/v2\/pages\/241\/revisions"}],"predecessor-version":[{"id":1139,"href":"https:\/\/guadalen.com\/en\/wp-json\/wp\/v2\/pages\/241\/revisions\/1139"}],"wp:attachment":[{"href":"https:\/\/guadalen.com\/en\/wp-json\/wp\/v2\/media?parent=241"}],"curies":[{"name":"wp","href":"https:\/\/api.w.org\/{rel}","templated":true}]}}