{"id":230,"date":"2016-08-17T08:32:28","date_gmt":"2016-08-17T08:32:28","guid":{"rendered":"https:\/\/guadalen.com\/?page_id=230"},"modified":"2020-02-13T11:43:18","modified_gmt":"2020-02-13T11:43:18","slug":"evolucion","status":"publish","type":"page","link":"https:\/\/guadalen.com\/en\/evolucion","title":{"rendered":"Evolution of the Brand"},"content":{"rendered":"[mk_page_section layout_structure=&#8221;full&#8221; attachment=&#8221;scroll&#8221; bg_position=&#8221;left top&#8221; bg_repeat=&#8221;repeat&#8221; bg_stretch=&#8221;false&#8221; enable_3d=&#8221;false&#8221; speed_factor=&#8221;0.3&#8243; bg_video=&#8221;no&#8221; video_mask=&#8221;false&#8221; bg_gradient=&#8221;false&#8221; gr_end=&#8221;#1e73be&#8221; video_opacity=&#8221;0.6&#8243; top_shadow=&#8221;false&#8221; section_layout=&#8221;full&#8221; sidebar=&#8221;sidebar-1&#8243; min_height=&#8221;0&#8243; full_width=&#8221;true&#8221; full_height=&#8221;false&#8221; intro_effect=&#8221;false&#8221; padding_top=&#8221;0&#8243; padding_bottom=&#8221;0&#8243; margin_bottom=&#8221;0&#8243; first_page=&#8221;false&#8221; last_page=&#8221;false&#8221;][vc_column width=&#8221;1\/1&#8243;][mk_revslider id=&#8221;evolucion&#8221;][\/vc_column][\/mk_page_section][mk_page_section layout_structure=&#8221;full&#8221; attachment=&#8221;scroll&#8221; bg_position=&#8221;left top&#8221; bg_repeat=&#8221;repeat&#8221; bg_stretch=&#8221;false&#8221; enable_3d=&#8221;false&#8221; speed_factor=&#8221;0.3&#8243; bg_video=&#8221;no&#8221; video_mask=&#8221;false&#8221; bg_gradient=&#8221;false&#8221; gr_end=&#8221;#1e73be&#8221; video_opacity=&#8221;0.6&#8243; top_shadow=&#8221;false&#8221; section_layout=&#8221;full&#8221; sidebar=&#8221;sidebar-1&#8243; min_height=&#8221;0&#8243; full_width=&#8221;false&#8221; full_height=&#8221;false&#8221; intro_effect=&#8221;false&#8221; padding_top=&#8221;30&#8243; padding_bottom=&#8221;30&#8243; margin_bottom=&#8221;0&#8243; first_page=&#8221;false&#8221; last_page=&#8221;false&#8221; animation=&#8221;scale-up&#8221;][vc_column width=&#8221;1\/1&#8243;][mk_fancy_title tag_name=&#8221;h2&#8243; style=&#8221;false&#8221; color=&#8221;#005433&#8243; size=&#8221;30&#8243; font_weight=&#8221;bold&#8221; font_style=&#8221;inhert&#8221; txt_transform=&#8221;uppercase&#8221; letter_spacing=&#8221;0&#8243; margin_top=&#8221;0&#8243; margin_bottom=&#8221;0&#8243; font_family=&#8221;none&#8221; align=&#8221;center&#8221;]\n<p>Evolution of the Brand<\/p>\n[\/mk_fancy_title][\/vc_column][\/mk_page_section][mk_page_section layout_structure=&#8221;full&#8221; attachment=&#8221;scroll&#8221; bg_position=&#8221;left top&#8221; bg_repeat=&#8221;repeat&#8221; bg_stretch=&#8221;false&#8221; enable_3d=&#8221;false&#8221; speed_factor=&#8221;0.3&#8243; bg_video=&#8221;no&#8221; video_mask=&#8221;false&#8221; bg_gradient=&#8221;false&#8221; gr_end=&#8221;#1e73be&#8221; video_opacity=&#8221;0.6&#8243; top_shadow=&#8221;false&#8221; section_layout=&#8221;full&#8221; sidebar=&#8221;sidebar-1&#8243; min_height=&#8221;0&#8243; full_width=&#8221;false&#8221; full_height=&#8221;false&#8221; intro_effect=&#8221;false&#8221; padding_top=&#8221;40&#8243; padding_bottom=&#8221;0&#8243; margin_bottom=&#8221;0&#8243; first_page=&#8221;false&#8221; last_page=&#8221;false&#8221; animation=&#8221;scale-up&#8221; bg_color=&#8221;#ff9e01&#8243;][vc_column width=&#8221;1\/2&#8243;][vc_column_text disable_pattern=&#8221;true&#8221; align=&#8221;left&#8221; margin_bottom=&#8221;0&#8243; el_class=&#8221;blanco&#8221;]The company Guadalen Premixes was founded in 1978 at a time of a market increase in the production of pork and beef in the county of Lorca (Murcia) and the company centred its production on vitamin-mineral premixes for pigs and cattle. In 1982 the company changed its name to Lorca Nutricion Animal, S.A.<\/p>\n<p>Since this time the company has diversified its products to include all productive species and increasing distribution throughout the provinces of Murcia, Albacete, Almeria, Granada and Jaen. To coincide with this change and as a complement to premixes Guadalen launched a new line of initiation products; Desteton concentrates, which presently constitute 20% of our production.<\/p>\n<p>In 1995 we opened a new factory to include our recently created lines in dairy derivatives, Graslen, Sustilen and Guadalit and the special protein product Protilen as well as other specialist products. This iniciative placed Guadalen as one of the leading companies in the sector and we have continued to increase our market share in Levante, Andalucia and the centre of Spain.[\/vc_column_text][\/vc_column][vc_column width=&#8221;1\/2&#8243;][mk_image image_width=&#8221;900&#8243; image_height=&#8221;751&#8243; crop=&#8221;true&#8221; svg=&#8221;false&#8221; lightbox=&#8221;false&#8221; group=&#8221;_general&#8221; frame_style=&#8221;simple&#8221; target=&#8221;_self&#8221; caption_location=&#8221;inside-image&#8221; align=&#8221;left&#8221; margin_bottom=&#8221;0&#8243; src=&#8221;http:\/\/guadalen.com\/wp-content\/uploads\/marca.jpg&#8221;][\/vc_column][\/mk_page_section][mk_page_section layout_structure=&#8221;full&#8221; attachment=&#8221;scroll&#8221; bg_position=&#8221;left top&#8221; bg_repeat=&#8221;repeat&#8221; bg_stretch=&#8221;false&#8221; enable_3d=&#8221;false&#8221; speed_factor=&#8221;0.3&#8243; bg_video=&#8221;no&#8221; video_mask=&#8221;false&#8221; bg_gradient=&#8221;false&#8221; gr_end=&#8221;#1e73be&#8221; video_opacity=&#8221;0.6&#8243; top_shadow=&#8221;false&#8221; section_layout=&#8221;full&#8221; sidebar=&#8221;sidebar-1&#8243; min_height=&#8221;0&#8243; full_width=&#8221;false&#8221; full_height=&#8221;false&#8221; intro_effect=&#8221;false&#8221; padding_top=&#8221;40&#8243; padding_bottom=&#8221;40&#8243; margin_bottom=&#8221;0&#8243; first_page=&#8221;false&#8221; last_page=&#8221;false&#8221; animation=&#8221;scale-up&#8221; bg_color=&#8221;#ff9e01&#8243;][vc_column width=&#8221;1\/1&#8243;][vc_column_text disable_pattern=&#8221;true&#8221; align=&#8221;left&#8221; margin_bottom=&#8221;0&#8243; el_class=&#8221;blanco&#8221;]\n<p><strong>Presently, Guadalen is a consolidated brand, a leader in the market and one which is in constant evolution. However, Guadalen is more than just a brand, Guadalen is also a team of dedicated and dynamic professionals with a clear vocation to provide a service to our clients. Our objective is to maintain a high grade of customer satisfaction by optimising resources and the efficiency of animal feed and as a consequence delivering results year after year.<\/strong><\/p>\n[\/vc_column_text][\/vc_column][\/mk_page_section]","protected":false},"excerpt":{"rendered":"<p>[mk_page_section layout_structure=&#8221;full&#8221; attachment=&#8221;scroll&#8221; bg_position=&#8221;left top&#8221; bg_repeat=&#8221;repeat&#8221; bg_stretch=&#8221;false&#8221; enable_3d=&#8221;false&#8221; speed_factor=&#8221;0.3&#8243; bg_video=&#8221;no&#8221; video_mask=&#8221;false&#8221; bg_gradient=&#8221;false&#8221; gr_end=&#8221;#1e73be&#8221; video_opacity=&#8221;0.6&#8243; top_shadow=&#8221;false&#8221; section_layout=&#8221;full&#8221; sidebar=&#8221;sidebar-1&#8243; min_height=&#8221;0&#8243; full_width=&#8221;true&#8221; full_height=&#8221;false&#8221; intro_effect=&#8221;false&#8221; padding_top=&#8221;0&#8243; padding_bottom=&#8221;0&#8243; margin_bottom=&#8221;0&#8243; first_page=&#8221;false&#8221; last_page=&#8221;false&#8221;][vc_column width=&#8221;1\/1&#8243;][mk_revslider id=&#8221;evolucion&#8221;][\/vc_column][\/mk_page_section][mk_page_section layout_structure=&#8221;full&#8221; attachment=&#8221;scroll&#8221; bg_position=&#8221;left top&#8221; bg_repeat=&#8221;repeat&#8221; bg_stretch=&#8221;false&#8221; enable_3d=&#8221;false&#8221; speed_factor=&#8221;0.3&#8243; bg_video=&#8221;no&#8221; video_mask=&#8221;false&#8221; bg_gradient=&#8221;false&#8221; gr_end=&#8221;#1e73be&#8221; video_opacity=&#8221;0.6&#8243; top_shadow=&#8221;false&#8221; section_layout=&#8221;full&#8221; sidebar=&#8221;sidebar-1&#8243; min_height=&#8221;0&#8243; full_width=&#8221;false&#8221; full_height=&#8221;false&#8221; intro_effect=&#8221;false&#8221; padding_top=&#8221;30&#8243; padding_bottom=&#8221;30&#8243; margin_bottom=&#8221;0&#8243; first_page=&#8221;false&#8221; last_page=&#8221;false&#8221; animation=&#8221;scale-up&#8221;][vc_column width=&#8221;1\/1&#8243;][mk_fancy_title [&hellip;]<\/p>\n","protected":false},"author":2,"featured_media":0,"parent":0,"menu_order":0,"comment_status":"closed","ping_status":"closed","template":"","meta":[],"yoast_head":"<!-- This site is optimized with the Yoast SEO Premium plugin v19.2.1 (Yoast SEO v19.14) - https:\/\/yoast.com\/wordpress\/plugins\/seo\/ -->\n<title>Evolution of the Brand &#8902; Lorca Nutrici\u00f3n Animal S.A.<\/title>\n<meta name=\"robots\" content=\"index, follow, max-snippet:-1, max-image-preview:large, max-video-preview:-1\" \/>\n<link rel=\"canonical\" href=\"https:\/\/guadalen.com\/evolucion\" \/>\n<meta property=\"og:locale\" content=\"en_US\" \/>\n<meta property=\"og:type\" content=\"article\" \/>\n<meta property=\"og:title\" content=\"[:es]Evoluci\u00f3n de la Marca[:en]Evolution of the Brand[:]\" \/>\n<meta property=\"og:description\" content=\"[mk_page_section layout_structure=&#8221;full&#8221; attachment=&#8221;scroll&#8221; bg_position=&#8221;left top&#8221; bg_repeat=&#8221;repeat&#8221; bg_stretch=&#8221;false&#8221; enable_3d=&#8221;false&#8221; speed_factor=&#8221;0.3&#8243; bg_video=&#8221;no&#8221; video_mask=&#8221;false&#8221; bg_gradient=&#8221;false&#8221; gr_end=&#8221;#1e73be&#8221; video_opacity=&#8221;0.6&#8243; top_shadow=&#8221;false&#8221; section_layout=&#8221;full&#8221; sidebar=&#8221;sidebar-1&#8243; min_height=&#8221;0&#8243; full_width=&#8221;true&#8221; full_height=&#8221;false&#8221; intro_effect=&#8221;false&#8221; padding_top=&#8221;0&#8243; padding_bottom=&#8221;0&#8243; margin_bottom=&#8221;0&#8243; first_page=&#8221;false&#8221; last_page=&#8221;false&#8221;][vc_column width=&#8221;1\/1&#8243;][mk_revslider id=&#8221;evolucion&#8221;][\/vc_column][\/mk_page_section][mk_page_section layout_structure=&#8221;full&#8221; attachment=&#8221;scroll&#8221; bg_position=&#8221;left top&#8221; bg_repeat=&#8221;repeat&#8221; bg_stretch=&#8221;false&#8221; enable_3d=&#8221;false&#8221; speed_factor=&#8221;0.3&#8243; bg_video=&#8221;no&#8221; video_mask=&#8221;false&#8221; bg_gradient=&#8221;false&#8221; gr_end=&#8221;#1e73be&#8221; video_opacity=&#8221;0.6&#8243; top_shadow=&#8221;false&#8221; section_layout=&#8221;full&#8221; sidebar=&#8221;sidebar-1&#8243; min_height=&#8221;0&#8243; full_width=&#8221;false&#8221; full_height=&#8221;false&#8221; intro_effect=&#8221;false&#8221; padding_top=&#8221;30&#8243; padding_bottom=&#8221;30&#8243; margin_bottom=&#8221;0&#8243; first_page=&#8221;false&#8221; last_page=&#8221;false&#8221; animation=&#8221;scale-up&#8221;][vc_column width=&#8221;1\/1&#8243;][mk_fancy_title [&hellip;]\" \/>\n<meta property=\"og:url\" content=\"https:\/\/guadalen.com\/evolucion\" \/>\n<meta property=\"og:site_name\" content=\"Lorca Nutrici\u00f3n Animal S.A.\" \/>\n<meta property=\"article:modified_time\" content=\"2020-02-13T11:43:18+00:00\" \/>\n<meta name=\"twitter:card\" content=\"summary_large_image\" \/>\n<meta name=\"twitter:label1\" content=\"Est. reading time\" \/>\n\t<meta name=\"twitter:data1\" content=\"7 minutes\" \/>\n<script type=\"application\/ld+json\" class=\"yoast-schema-graph\">{\"@context\":\"https:\/\/schema.org\",\"@graph\":[{\"@type\":\"WebPage\",\"@id\":\"https:\/\/guadalen.com\/evolucion\",\"url\":\"https:\/\/guadalen.com\/evolucion\",\"name\":\"[:es]Evoluci\u00f3n de la Marca[:en]Evolution of the Brand[:] &#8902; Lorca Nutrici\u00f3n Animal S.A.\",\"isPartOf\":{\"@id\":\"https:\/\/guadalen.com\/#website\"},\"datePublished\":\"2016-08-17T08:32:28+00:00\",\"dateModified\":\"2020-02-13T11:43:18+00:00\",\"breadcrumb\":{\"@id\":\"https:\/\/guadalen.com\/evolucion#breadcrumb\"},\"inLanguage\":\"en-US\",\"potentialAction\":[{\"@type\":\"ReadAction\",\"target\":[\"https:\/\/guadalen.com\/evolucion\"]}]},{\"@type\":\"BreadcrumbList\",\"@id\":\"https:\/\/guadalen.com\/evolucion#breadcrumb\",\"itemListElement\":[{\"@type\":\"ListItem\",\"position\":1,\"name\":\"Portada\",\"item\":\"https:\/\/guadalen.com\/\"},{\"@type\":\"ListItem\",\"position\":2,\"name\":\"Evoluci\u00f3n de la Marca\"}]},{\"@type\":\"WebSite\",\"@id\":\"https:\/\/guadalen.com\/#website\",\"url\":\"https:\/\/guadalen.com\/\",\"name\":\"Lorca Nutrici\u00f3n Animal S.A.\",\"description\":\"Lorca Nutrici\u00f3n Animal es una empresa dedicada a la fabricaci\u00f3n de premezclas vitam\u00ednico-minerales y otros productos para la alimentaci\u00f3n de todas las especies ganaderas y fases productivas.\",\"publisher\":{\"@id\":\"https:\/\/guadalen.com\/#organization\"},\"potentialAction\":[{\"@type\":\"SearchAction\",\"target\":{\"@type\":\"EntryPoint\",\"urlTemplate\":\"https:\/\/guadalen.com\/?s={search_term_string}\"},\"query-input\":\"required name=search_term_string\"}],\"inLanguage\":\"en-US\"},{\"@type\":\"Organization\",\"@id\":\"https:\/\/guadalen.com\/#organization\",\"name\":\"Guadalen\",\"url\":\"https:\/\/guadalen.com\/\",\"logo\":{\"@type\":\"ImageObject\",\"inLanguage\":\"en-US\",\"@id\":\"https:\/\/guadalen.com\/#\/schema\/logo\/image\/\",\"url\":\"http:\/\/guadalen.com\/wp-content\/uploads\/logo.png\",\"contentUrl\":\"http:\/\/guadalen.com\/wp-content\/uploads\/logo.png\",\"width\":137,\"height\":123,\"caption\":\"Guadalen\"},\"image\":{\"@id\":\"https:\/\/guadalen.com\/#\/schema\/logo\/image\/\"}}]}<\/script>\n<!-- \/ Yoast SEO Premium plugin. -->","yoast_head_json":{"title":"[:es]Evoluci\u00f3n de la Marca[:en]Evolution of the Brand[:] &#8902; Lorca Nutrici\u00f3n Animal S.A.","robots":{"index":"index","follow":"follow","max-snippet":"max-snippet:-1","max-image-preview":"max-image-preview:large","max-video-preview":"max-video-preview:-1"},"canonical":"https:\/\/guadalen.com\/evolucion","og_locale":"en_US","og_type":"article","og_title":"[:es]Evoluci\u00f3n de la Marca[:en]Evolution of the Brand[:]","og_description":"[mk_page_section layout_structure=&#8221;full&#8221; attachment=&#8221;scroll&#8221; bg_position=&#8221;left top&#8221; bg_repeat=&#8221;repeat&#8221; bg_stretch=&#8221;false&#8221; enable_3d=&#8221;false&#8221; speed_factor=&#8221;0.3&#8243; bg_video=&#8221;no&#8221; video_mask=&#8221;false&#8221; bg_gradient=&#8221;false&#8221; gr_end=&#8221;#1e73be&#8221; video_opacity=&#8221;0.6&#8243; top_shadow=&#8221;false&#8221; section_layout=&#8221;full&#8221; sidebar=&#8221;sidebar-1&#8243; min_height=&#8221;0&#8243; full_width=&#8221;true&#8221; full_height=&#8221;false&#8221; intro_effect=&#8221;false&#8221; padding_top=&#8221;0&#8243; padding_bottom=&#8221;0&#8243; margin_bottom=&#8221;0&#8243; first_page=&#8221;false&#8221; last_page=&#8221;false&#8221;][vc_column width=&#8221;1\/1&#8243;][mk_revslider id=&#8221;evolucion&#8221;][\/vc_column][\/mk_page_section][mk_page_section layout_structure=&#8221;full&#8221; attachment=&#8221;scroll&#8221; bg_position=&#8221;left top&#8221; bg_repeat=&#8221;repeat&#8221; bg_stretch=&#8221;false&#8221; enable_3d=&#8221;false&#8221; speed_factor=&#8221;0.3&#8243; bg_video=&#8221;no&#8221; video_mask=&#8221;false&#8221; bg_gradient=&#8221;false&#8221; gr_end=&#8221;#1e73be&#8221; video_opacity=&#8221;0.6&#8243; top_shadow=&#8221;false&#8221; section_layout=&#8221;full&#8221; sidebar=&#8221;sidebar-1&#8243; min_height=&#8221;0&#8243; full_width=&#8221;false&#8221; full_height=&#8221;false&#8221; intro_effect=&#8221;false&#8221; padding_top=&#8221;30&#8243; padding_bottom=&#8221;30&#8243; margin_bottom=&#8221;0&#8243; first_page=&#8221;false&#8221; last_page=&#8221;false&#8221; animation=&#8221;scale-up&#8221;][vc_column width=&#8221;1\/1&#8243;][mk_fancy_title [&hellip;]","og_url":"https:\/\/guadalen.com\/evolucion","og_site_name":"Lorca Nutrici\u00f3n Animal S.A.","article_modified_time":"2020-02-13T11:43:18+00:00","twitter_card":"summary_large_image","twitter_misc":{"Est. reading time":"7 minutes"},"schema":{"@context":"https:\/\/schema.org","@graph":[{"@type":"WebPage","@id":"https:\/\/guadalen.com\/evolucion","url":"https:\/\/guadalen.com\/evolucion","name":"[:es]Evoluci\u00f3n de la Marca[:en]Evolution of the Brand[:] &#8902; Lorca Nutrici\u00f3n Animal S.A.","isPartOf":{"@id":"https:\/\/guadalen.com\/#website"},"datePublished":"2016-08-17T08:32:28+00:00","dateModified":"2020-02-13T11:43:18+00:00","breadcrumb":{"@id":"https:\/\/guadalen.com\/evolucion#breadcrumb"},"inLanguage":"en-US","potentialAction":[{"@type":"ReadAction","target":["https:\/\/guadalen.com\/evolucion"]}]},{"@type":"BreadcrumbList","@id":"https:\/\/guadalen.com\/evolucion#breadcrumb","itemListElement":[{"@type":"ListItem","position":1,"name":"Portada","item":"https:\/\/guadalen.com\/"},{"@type":"ListItem","position":2,"name":"Evoluci\u00f3n de la Marca"}]},{"@type":"WebSite","@id":"https:\/\/guadalen.com\/#website","url":"https:\/\/guadalen.com\/","name":"Lorca Nutrici\u00f3n Animal S.A.","description":"Lorca Nutrici\u00f3n Animal es una empresa dedicada a la fabricaci\u00f3n de premezclas vitam\u00ednico-minerales y otros productos para la alimentaci\u00f3n de todas las especies ganaderas y fases productivas.","publisher":{"@id":"https:\/\/guadalen.com\/#organization"},"potentialAction":[{"@type":"SearchAction","target":{"@type":"EntryPoint","urlTemplate":"https:\/\/guadalen.com\/?s={search_term_string}"},"query-input":"required name=search_term_string"}],"inLanguage":"en-US"},{"@type":"Organization","@id":"https:\/\/guadalen.com\/#organization","name":"Guadalen","url":"https:\/\/guadalen.com\/","logo":{"@type":"ImageObject","inLanguage":"en-US","@id":"https:\/\/guadalen.com\/#\/schema\/logo\/image\/","url":"http:\/\/guadalen.com\/wp-content\/uploads\/logo.png","contentUrl":"http:\/\/guadalen.com\/wp-content\/uploads\/logo.png","width":137,"height":123,"caption":"Guadalen"},"image":{"@id":"https:\/\/guadalen.com\/#\/schema\/logo\/image\/"}}]}},"_links":{"self":[{"href":"https:\/\/guadalen.com\/en\/wp-json\/wp\/v2\/pages\/230"}],"collection":[{"href":"https:\/\/guadalen.com\/en\/wp-json\/wp\/v2\/pages"}],"about":[{"href":"https:\/\/guadalen.com\/en\/wp-json\/wp\/v2\/types\/page"}],"author":[{"embeddable":true,"href":"https:\/\/guadalen.com\/en\/wp-json\/wp\/v2\/users\/2"}],"replies":[{"embeddable":true,"href":"https:\/\/guadalen.com\/en\/wp-json\/wp\/v2\/comments?post=230"}],"version-history":[{"count":2,"href":"https:\/\/guadalen.com\/en\/wp-json\/wp\/v2\/pages\/230\/revisions"}],"predecessor-version":[{"id":999,"href":"https:\/\/guadalen.com\/en\/wp-json\/wp\/v2\/pages\/230\/revisions\/999"}],"wp:attachment":[{"href":"https:\/\/guadalen.com\/en\/wp-json\/wp\/v2\/media?parent=230"}],"curies":[{"name":"wp","href":"https:\/\/api.w.org\/{rel}","templated":true}]}}