{"id":2,"date":"2016-07-28T07:19:15","date_gmt":"2016-07-28T07:19:15","guid":{"rendered":"https:\/\/guadalen.com\/?page_id=2"},"modified":"2026-03-17T12:35:03","modified_gmt":"2026-03-17T12:35:03","slug":"home","status":"publish","type":"page","link":"https:\/\/guadalen.com\/en\/","title":{"rendered":"Animal Nutrition"},"content":{"rendered":"[mk_page_section min_height=&#8221;0&#8243; full_width=&#8221;true&#8221; padding_top=&#8221;0&#8243; padding_bottom=&#8221;0&#8243; sidebar=&#8221;sidebar-1&#8243; first_page=&#8221;false&#8221; last_page=&#8221;false&#8221;][vc_column][mk_revslider id=&#8221;home&#8221;][\/vc_column][\/mk_page_section][mk_page_section bg_color=&#8221;#005433&#8243; min_height=&#8221;0&#8243; padding_top=&#8221;30&#8243; padding_bottom=&#8221;40&#8243; animation=&#8221;scale-up&#8221; sidebar=&#8221;sidebar-1&#8243; first_page=&#8221;false&#8221; last_page=&#8221;false&#8221;][vc_column][mk_fancy_title tag_name=&#8221;h1&#8243; color=&#8221;#ff9e01&#8243; size=&#8221;30&#8243; font_weight=&#8221;bold&#8221; font_style=&#8221;inhert&#8221; txt_transform=&#8221;uppercase&#8221; font_family=&#8221;none&#8221; align=&#8221;center&#8221;]Nutrici\u00f3n animal Guadalen[\/mk_fancy_title][vc_column_text align=&#8221;center&#8221; margin_bottom=&#8221;10&#8243; css=&#8221;.vc_custom_1673528836383{margin-bottom: 10px !important;}&#8221;]\n<p class=\"ancho\" style=\"color: #ff9e01; font-size: 18px;\">The company Correctores Guadal\u00e9n, S.L. was established in 1978 within the framework of the growing pig and cattle production market in the region of Lorca (Murcia), with a very specialized activity focused on vitamin-mineral Premixes for these specific species. In 1980 the name of the company was definetively changed to Lorca Nutrici\u00f3n Animal, S.A.<\/p>\n[\/vc_column_text][mk_button dimension=&#8221;flat&#8221; size=&#8221;large&#8221; url=&#8221;?page_id=230&#8243; align=&#8221;center&#8221; button_custom_width=&#8221;120&#8243; margin_top=&#8221;10&#8243; margin_bottom=&#8221;0&#8243; bg_color=&#8221;#fecd80&#8243; btn_hover_bg=&#8221;#fecd80&#8243; btn_hover_txt_color=&#8221;#005433&#8243;]Leer m\u00e1s[\/mk_button][\/vc_column][\/mk_page_section][mk_page_section min_height=&#8221;0&#8243; padding_top=&#8221;40&#8243; padding_bottom=&#8221;40&#8243; animation=&#8221;scale-up&#8221; sidebar=&#8221;sidebar-1&#8243; first_page=&#8221;false&#8221; last_page=&#8221;false&#8221;][vc_column][mk_fancy_title color=&#8221;#005433&#8243; size=&#8221;30&#8243; font_weight=&#8221;bold&#8221; txt_transform=&#8221;uppercase&#8221; font_family=&#8221;none&#8221; align=&#8221;center&#8221;]Animal Nutrition Services[\/mk_fancy_title][\/vc_column][\/mk_page_section][mk_page_section min_height=&#8221;0&#8243; padding_top=&#8221;0&#8243; padding_bottom=&#8221;30&#8243; animation=&#8221;scale-up&#8221; el_class=&#8221;servicios&#8221; sidebar=&#8221;sidebar-1&#8243; first_page=&#8221;false&#8221; last_page=&#8221;false&#8221;][vc_column width=&#8221;1\/3&#8243;][mk_image src=&#8221;http:\/\/guadalen.com\/wp-content\/uploads\/icon1.jpg&#8221; group=&#8221;_general&#8221; link=&#8221;?page_id=132&#8243; align=&#8221;center&#8221; margin_bottom=&#8221;20&#8243; crop=&#8221;false&#8221;][mk_fancy_title color=&#8221;#005433&#8243; size=&#8221;24&#8243; txt_transform=&#8221;uppercase&#8221; font_family=&#8221;none&#8221; align=&#8221;center&#8221;]<a href=\"?page_id=132\">FORMULATION AND DEVELOPMENT<\/a>[\/mk_fancy_title][\/vc_column][vc_column width=&#8221;1\/3&#8243;][mk_image src=&#8221;http:\/\/guadalen.com\/wp-content\/uploads\/icon2.jpg&#8221; group=&#8221;_general&#8221; link=&#8221;?page_id=147&#8243; align=&#8221;center&#8221; margin_bottom=&#8221;20&#8243; crop=&#8221;false&#8221;][mk_fancy_title color=&#8221;#005433&#8243; size=&#8221;24&#8243; txt_transform=&#8221;uppercase&#8221; font_family=&#8221;none&#8221; align=&#8221;center&#8221;]<a href=\"?page_id=132\">QUALITY CONTROL<\/a>[\/mk_fancy_title][\/vc_column][vc_column width=&#8221;1\/3&#8243;][mk_image src=&#8221;http:\/\/guadalen.com\/wp-content\/uploads\/icon3.jpg&#8221; group=&#8221;_general&#8221; link=&#8221;?page_id=157&#8243; align=&#8221;center&#8221; margin_bottom=&#8221;20&#8243; crop=&#8221;false&#8221;][mk_fancy_title color=&#8221;#005433&#8243; size=&#8221;24&#8243; txt_transform=&#8221;uppercase&#8221; font_family=&#8221;none&#8221; align=&#8221;center&#8221;]<a href=\"?page_id=157\">INDIVIDUAL ASSISTANCE<\/a>[\/mk_fancy_title][\/vc_column][\/mk_page_section][mk_page_section bg_color=&#8221;#efefef&#8221; min_height=&#8221;0&#8243; padding_top=&#8221;40&#8243; padding_bottom=&#8221;0&#8243; animation=&#8221;scale-up&#8221; sidebar=&#8221;sidebar-1&#8243; first_page=&#8221;false&#8221; last_page=&#8221;false&#8221;][vc_column][mk_fancy_title color=&#8221;#005433&#8243; size=&#8221;30&#8243; font_weight=&#8221;bold&#8221; txt_transform=&#8221;uppercase&#8221; font_family=&#8221;none&#8221; align=&#8221;center&#8221;]Animal Nutrition Products[\/mk_fancy_title][\/vc_column][\/mk_page_section][mk_page_section bg_color=&#8221;#efefef&#8221; min_height=&#8221;0&#8243; padding_top=&#8221;0&#8243; padding_bottom=&#8221;40&#8243; animation=&#8221;scale-up&#8221; el_class=&#8221;productos&#8221; sidebar=&#8221;sidebar-1&#8243; first_page=&#8221;false&#8221; last_page=&#8221;false&#8221;][vc_column width=&#8221;1\/2&#8243;][mk_padding_divider size=&#8221;20&#8243;][mk_fancy_title color=&#8221;#ffffff&#8221; size=&#8221;24&#8243; font_weight=&#8221;normal&#8221; font_style=&#8221;inhert&#8221; txt_transform=&#8221;uppercase&#8221; font_family=&#8221;none&#8221;]<a style=\"color: #fff;\" href=\"?page_id=241\">CORRECTORES VITAM\u00cdNICO-MINERALES<\/a>[\/mk_fancy_title][mk_fancy_title color=&#8221;#ffffff&#8221; size=&#8221;24&#8243; font_weight=&#8221;normal&#8221; font_style=&#8221;inhert&#8221; txt_transform=&#8221;uppercase&#8221; font_family=&#8221;none&#8221;]<a style=\"color: #fff;\" href=\"?page_id=252\">N\u00daCLEOS Y LACTOINICIADORES<\/a>[\/mk_fancy_title][mk_fancy_title color=&#8221;#ffffff&#8221; size=&#8221;24&#8243; font_weight=&#8221;normal&#8221; font_style=&#8221;inhert&#8221; txt_transform=&#8221;uppercase&#8221; font_family=&#8221;none&#8221;]<a style=\"color: #fff;\" href=\"?page_id=259\">LECHES MATERNIZADAS<\/a>[\/mk_fancy_title][mk_fancy_title color=&#8221;#ffffff&#8221; size=&#8221;24&#8243; font_weight=&#8221;normal&#8221; font_style=&#8221;inhert&#8221; txt_transform=&#8221;uppercase&#8221; font_family=&#8221;none&#8221;]<a style=\"color: #fff;\" href=\"?page_id=266\">PRODUCTOS L\u00c1CTEOS<\/a>[\/mk_fancy_title][mk_fancy_title color=&#8221;#ffffff&#8221; size=&#8221;24&#8243; font_weight=&#8221;normal&#8221; font_style=&#8221;inhert&#8221; txt_transform=&#8221;uppercase&#8221; font_family=&#8221;none&#8221;]<a style=\"color: #fff;\" href=\"?page_id=274\">GRASAS BY-PASS<\/a>[\/mk_fancy_title][\/vc_column][vc_column width=&#8221;1\/2&#8243;][mk_padding_divider size=&#8221;20&#8243;][mk_fancy_title color=&#8221;#ffffff&#8221; size=&#8221;24&#8243; font_weight=&#8221;normal&#8221; font_style=&#8221;inhert&#8221; txt_transform=&#8221;uppercase&#8221; font_family=&#8221;none&#8221;]<a style=\"color: #fff;\" href=\"?page_id=282\">FUENTES DE PROTE\u00cdNA<\/a>[\/mk_fancy_title][mk_fancy_title color=&#8221;#ffffff&#8221; size=&#8221;24&#8243; font_weight=&#8221;normal&#8221; font_style=&#8221;inhert&#8221; txt_transform=&#8221;uppercase&#8221; font_family=&#8221;none&#8221;]<a style=\"color: #fff;\" href=\"?page_id=292\">SUPLEMENTOS Y TRATADOS<\/a>[\/mk_fancy_title][mk_fancy_title color=&#8221;#ffffff&#8221; size=&#8221;24&#8243; font_weight=&#8221;normal&#8221; font_style=&#8221;inhert&#8221; txt_transform=&#8221;uppercase&#8221; font_family=&#8221;none&#8221;]<a style=\"color: #fff;\" href=\"?page_id=302\">AROMAS<\/a>[\/mk_fancy_title][mk_fancy_title color=&#8221;#ffffff&#8221; size=&#8221;24&#8243; font_weight=&#8221;normal&#8221; font_style=&#8221;inhert&#8221; txt_transform=&#8221;uppercase&#8221; font_family=&#8221;none&#8221;]<a style=\"color: #fff;\" href=\"?page_id=311\">PREMEZCLAS<\/a>[\/mk_fancy_title][mk_fancy_title color=&#8221;#ffffff&#8221; size=&#8221;22&#8243; font_weight=&#8221;normal&#8221; font_style=&#8221;inhert&#8221; txt_transform=&#8221;uppercase&#8221; font_family=&#8221;none&#8221;]<a style=\"color: #fff;\" href=\"?page_id=241\">PRODUCTOS QU\u00cdMICOS, VITAMINAS Y MINERALES<\/a>[\/mk_fancy_title][mk_button dimension=&#8221;flat&#8221; size=&#8221;large&#8221; url=&#8221;http:\/\/guadalen.com\/wp-content\/uploads\/catalogo-guadalen-general-eng.pdf&#8221; target=&#8221;_blank&#8221; align=&#8221;right&#8221; button_custom_width=&#8221;300&#8243; margin_top=&#8221;10&#8243; margin_bottom=&#8221;0&#8243; el_class=&#8221;descargar&#8221; bg_color=&#8221;#fecd80&#8243; btn_hover_bg=&#8221;#fecd80&#8243; btn_hover_txt_color=&#8221;#005433&#8243;]Download General Catalog[\/mk_button][mk_button dimension=&#8221;flat&#8221; size=&#8221;large&#8221; url=&#8221;http:\/\/guadalen.com\/wp-content\/uploads\/catalogo-guadaequidos-2026.pdf&#8221; target=&#8221;_blank&#8221; align=&#8221;right&#8221; button_custom_width=&#8221;300&#8243; margin_top=&#8221;10&#8243; margin_bottom=&#8221;0&#8243; el_class=&#8221;descargar&#8221; bg_color=&#8221;#fecd80&#8243; btn_hover_bg=&#8221;#fecd80&#8243; btn_hover_txt_color=&#8221;#005433&#8243;]Download Equine Catalog[\/mk_button][\/vc_column][\/mk_page_section][mk_page_section min_height=&#8221;0&#8243; padding_top=&#8221;40&#8243; padding_bottom=&#8221;20&#8243; animation=&#8221;scale-up&#8221; sidebar=&#8221;sidebar-1&#8243; first_page=&#8221;false&#8221; last_page=&#8221;false&#8221;][vc_column][mk_fancy_title color=&#8221;#005433&#8243; size=&#8221;30&#8243; font_weight=&#8221;bold&#8221; txt_transform=&#8221;uppercase&#8221; font_family=&#8221;none&#8221; align=&#8221;center&#8221;]News[\/mk_fancy_title][mk_padding_divider size=&#8221;20&#8243;][mk_blog style=&#8221;grid&#8221; column=&#8221;4&#8243; image_size=&#8221;full&#8221; post_count=&#8221;4&#8243; disable_meta=&#8221;false&#8221; excerpt_length=&#8221;300&#8243; pagination=&#8221;false&#8221; order=&#8221;ASC&#8221; orderby=&#8221;id&#8221; el_class=&#8221;news&#8221; image_quality=&#8221;1&#8243; count=&#8221;3&#8243; offset=&#8221;0&#8243; disable_lightbox=&#8221;false&#8221; disable_comments_share=&#8221;true&#8221; item_id=&#8221;1471341105-57b2e231607d4&#8243;][\/vc_column][\/mk_page_section][mk_page_section bg_color=&#8221;#fecd80&#8243; min_height=&#8221;0&#8243; padding_top=&#8221;40&#8243; padding_bottom=&#8221;0&#8243; animation=&#8221;scale-up&#8221; sidebar=&#8221;sidebar-1&#8243; first_page=&#8221;false&#8221; last_page=&#8221;false&#8221;][vc_column][mk_fancy_title color=&#8221;#005433&#8243; size=&#8221;30&#8243; font_weight=&#8221;bold&#8221; txt_transform=&#8221;uppercase&#8221; margin_bottom=&#8221;0&#8243; font_family=&#8221;none&#8221; align=&#8221;center&#8221;]Contact[\/mk_fancy_title][\/vc_column][\/mk_page_section][mk_page_section bg_color=&#8221;#fecd80&#8243; min_height=&#8221;0&#8243; padding_top=&#8221;40&#8243; padding_bottom=&#8221;20&#8243; animation=&#8221;scale-up&#8221; sidebar=&#8221;sidebar-1&#8243; first_page=&#8221;false&#8221; last_page=&#8221;false&#8221;][vc_column width=&#8221;1\/2&#8243;][vc_column_text]<iframe loading=\"lazy\" style=\"border: 0;\" src=\"https:\/\/www.google.com\/maps\/embed?pb=!1m14!1m8!1m3!1d12632.544988981268!2d-1.6753329!3d37.6695062!3m2!1i1024!2i768!4f13.1!3m3!1m2!1s0x0%3A0x536e2bd2108d04bb!2sGuadalen+nutricion+animal!5e0!3m2!1ses!2ses!4v1471343357490\" width=\"100%\" height=\"325\" frameborder=\"0\" allowfullscreen=\"allowfullscreen\"><\/iframe>[\/vc_column_text][mk_image src=&#8221;http:\/\/guadalen.com\/wp-content\/uploads\/mail2-1.jpg&#8221; group=&#8221;_general&#8221; link=&#8221;mailto:lornasa@guadalen.com&#8221; margin_bottom=&#8221;0&#8243; crop=&#8221;false&#8221;][\/vc_column][vc_column width=&#8221;1\/2&#8243;]<div class=\"wpcf7 no-js\" id=\"wpcf7-f8-o2\" lang=\"es-ES\" dir=\"ltr\">\n<div class=\"screen-reader-response\"><p role=\"status\" aria-live=\"polite\" aria-atomic=\"true\"><\/p> <ul><\/ul><\/div>\n<form action=\"\/en\/wp-json\/wp\/v2\/pages\/2#wpcf7-f8-o2\" method=\"post\" class=\"wpcf7-form init\" aria-label=\"Formulario de contacto\" novalidate=\"novalidate\" data-status=\"init\">\n<div style=\"display: none;\">\n<input type=\"hidden\" name=\"_wpcf7\" value=\"8\" \/>\n<input type=\"hidden\" name=\"_wpcf7_version\" value=\"5.7.2\" \/>\n<input type=\"hidden\" name=\"_wpcf7_locale\" value=\"es_ES\" \/>\n<input type=\"hidden\" name=\"_wpcf7_unit_tag\" value=\"wpcf7-f8-o2\" \/>\n<input type=\"hidden\" name=\"_wpcf7_container_post\" value=\"0\" \/>\n<input type=\"hidden\" name=\"_wpcf7_posted_data_hash\" value=\"\" \/>\n<input type=\"hidden\" name=\"_wpcf7_recaptcha_response\" value=\"\" \/>\n<\/div>\n<p><span class=\"wpcf7-form-control-wrap\" data-name=\"your-name\"><input size=\"40\" class=\"wpcf7-form-control wpcf7-text wpcf7-validates-as-required\" aria-required=\"true\" aria-invalid=\"false\" value=\"Nombre\" type=\"text\" name=\"your-name\" \/><\/span>\n<\/p>\n<p><span class=\"wpcf7-form-control-wrap\" data-name=\"your-email\"><input size=\"40\" class=\"wpcf7-form-control wpcf7-text wpcf7-email wpcf7-validates-as-required wpcf7-validates-as-email\" aria-required=\"true\" aria-invalid=\"false\" value=\"Email\" type=\"email\" name=\"your-email\" \/><\/span>\n<\/p>\n<p><span class=\"wpcf7-form-control-wrap\" data-name=\"your-subject\"><input size=\"40\" class=\"wpcf7-form-control wpcf7-text wpcf7-validates-as-required\" aria-required=\"true\" aria-invalid=\"false\" value=\"Asunto\" type=\"text\" name=\"your-subject\" \/><\/span>\n<\/p>\n<p><span class=\"wpcf7-form-control-wrap\" data-name=\"your-message\"><textarea cols=\"40\" rows=\"10\" class=\"wpcf7-form-control wpcf7-textarea\" aria-invalid=\"false\" name=\"your-message\">Escribe aqu\u00ed tu Mensaje<\/textarea><\/span>\n<\/p>\n<div id=\"cf7sr-69d6b0eeb6ef8\" class=\"cf7sr-g-recaptcha\" data-theme=\"light\" data-type=\"image\" data-size=\"normal\" data-sitekey=\"6LcligoUAAAAABGwyFWgzascR5leUD46dSLD0ovC\"><\/div><span class=\"wpcf7-form-control-wrap cf7sr-recaptcha\" data-name=\"cf7sr-recaptcha\"><input type=\"hidden\" name=\"cf7sr-recaptcha\" value=\"\" class=\"wpcf7-form-control\"><\/span>\n<\/p>\n<p><input class=\"wpcf7-form-control has-spinner wpcf7-submit\" type=\"submit\" value=\"Enviar\" \/>\n<\/p><div class=\"wpcf7-response-output\" aria-hidden=\"true\"><\/div><\/form><\/div>[\/vc_column][\/mk_page_section][mk_page_section min_height=&#8221;0&#8243; padding_top=&#8221;40&#8243; padding_bottom=&#8221;40&#8243; animation=&#8221;scale-up&#8221; sidebar=&#8221;sidebar-1&#8243; first_page=&#8221;false&#8221; last_page=&#8221;false&#8221;][vc_column][\/vc_column][\/mk_page_section][mk_page_section min_height=&#8221;0&#8243; padding_top=&#8221;50&#8243; padding_bottom=&#8221;30&#8243; animation=&#8221;scale-up&#8221; sidebar=&#8221;sidebar-1&#8243; first_page=&#8221;false&#8221; last_page=&#8221;false&#8221;][vc_column][vc_single_image image=&#8221;1074&#8243; img_size=&#8221;full&#8221; alignment=&#8221;center&#8221;][\/vc_column][\/mk_page_section]","protected":false},"excerpt":{"rendered":"<p>[mk_page_section min_height=&#8221;0&#8243; full_width=&#8221;true&#8221; padding_top=&#8221;0&#8243; padding_bottom=&#8221;0&#8243; sidebar=&#8221;sidebar-1&#8243; first_page=&#8221;false&#8221; last_page=&#8221;false&#8221;][vc_column][mk_revslider id=&#8221;home&#8221;][\/vc_column][\/mk_page_section][mk_page_section bg_color=&#8221;#005433&#8243; min_height=&#8221;0&#8243; padding_top=&#8221;30&#8243; padding_bottom=&#8221;40&#8243; animation=&#8221;scale-up&#8221; sidebar=&#8221;sidebar-1&#8243; first_page=&#8221;false&#8221; last_page=&#8221;false&#8221;][vc_column][mk_fancy_title tag_name=&#8221;h1&#8243; color=&#8221;#ff9e01&#8243; size=&#8221;30&#8243; font_weight=&#8221;bold&#8221; font_style=&#8221;inhert&#8221; txt_transform=&#8221;uppercase&#8221; font_family=&#8221;none&#8221; align=&#8221;center&#8221;]Nutrici\u00f3n animal Guadalen[\/mk_fancy_title][vc_column_text align=&#8221;center&#8221; margin_bottom=&#8221;10&#8243; css=&#8221;.vc_custom_1673528836383{margin-bottom: 10px !important;}&#8221;] The company Correctores Guadal\u00e9n, S.L. was established in 1978 within the framework of the growing pig and cattle production market in the region [&hellip;]<\/p>\n","protected":false},"author":2,"featured_media":0,"parent":0,"menu_order":0,"comment_status":"closed","ping_status":"closed","template":"","meta":[],"yoast_head":"<!-- This site is optimized with the Yoast SEO Premium plugin v19.2.1 (Yoast SEO v19.14) - https:\/\/yoast.com\/wordpress\/plugins\/seo\/ -->\n<title>Nutrici\u00f3n Animal Guadalen<\/title>\n<meta name=\"description\" content=\"En Guadalen te ofrecemos todo tipo de soluciones de nutrici\u00f3n animal \u2705, para todas las especies y fases productivas.\" \/>\n<meta name=\"robots\" content=\"index, follow, max-snippet:-1, max-image-preview:large, max-video-preview:-1\" \/>\n<link rel=\"canonical\" href=\"https:\/\/guadalen.com\/\" \/>\n<meta property=\"og:locale\" content=\"en_US\" \/>\n<meta property=\"og:type\" content=\"article\" \/>\n<meta property=\"og:title\" content=\"[:es]Nutrici\u00f3n Animal[:en]Animal Nutrition[:]\" \/>\n<meta property=\"og:description\" content=\"En Guadalen te ofrecemos todo tipo de soluciones de nutrici\u00f3n animal \u2705, para todas las especies y fases productivas.\" \/>\n<meta property=\"og:url\" content=\"https:\/\/guadalen.com\/\" \/>\n<meta property=\"og:site_name\" content=\"Lorca Nutrici\u00f3n Animal S.A.\" \/>\n<meta property=\"article:modified_time\" content=\"2026-03-17T12:35:03+00:00\" \/>\n<meta name=\"twitter:card\" content=\"summary_large_image\" \/>\n<meta name=\"twitter:label1\" content=\"Est. reading time\" \/>\n\t<meta name=\"twitter:data1\" content=\"3 minutes\" \/>\n<script type=\"application\/ld+json\" class=\"yoast-schema-graph\">{\"@context\":\"https:\/\/schema.org\",\"@graph\":[{\"@type\":\"WebPage\",\"@id\":\"https:\/\/guadalen.com\/\",\"url\":\"https:\/\/guadalen.com\/\",\"name\":\"Nutrici\u00f3n Animal Guadalen\",\"isPartOf\":{\"@id\":\"https:\/\/guadalen.com\/#website\"},\"datePublished\":\"2016-07-28T07:19:15+00:00\",\"dateModified\":\"2026-03-17T12:35:03+00:00\",\"description\":\"En Guadalen te ofrecemos todo tipo de soluciones de nutrici\u00f3n animal \u2705, para todas las especies y fases productivas.\",\"breadcrumb\":{\"@id\":\"https:\/\/guadalen.com\/#breadcrumb\"},\"inLanguage\":\"en-US\",\"potentialAction\":[{\"@type\":\"ReadAction\",\"target\":[\"https:\/\/guadalen.com\/\"]}]},{\"@type\":\"BreadcrumbList\",\"@id\":\"https:\/\/guadalen.com\/#breadcrumb\",\"itemListElement\":[{\"@type\":\"ListItem\",\"position\":1,\"name\":\"Portada\",\"item\":\"https:\/\/guadalen.com\/\"},{\"@type\":\"ListItem\",\"position\":2,\"name\":\"Nutrici\u00f3n Animal\"}]},{\"@type\":\"WebSite\",\"@id\":\"https:\/\/guadalen.com\/#website\",\"url\":\"https:\/\/guadalen.com\/\",\"name\":\"Lorca Nutrici\u00f3n Animal S.A.\",\"description\":\"Lorca Nutrici\u00f3n Animal es una empresa dedicada a la fabricaci\u00f3n de premezclas vitam\u00ednico-minerales y otros productos para la alimentaci\u00f3n de todas las especies ganaderas y fases productivas.\",\"publisher\":{\"@id\":\"https:\/\/guadalen.com\/#organization\"},\"potentialAction\":[{\"@type\":\"SearchAction\",\"target\":{\"@type\":\"EntryPoint\",\"urlTemplate\":\"https:\/\/guadalen.com\/?s={search_term_string}\"},\"query-input\":\"required name=search_term_string\"}],\"inLanguage\":\"en-US\"},{\"@type\":\"Organization\",\"@id\":\"https:\/\/guadalen.com\/#organization\",\"name\":\"Guadalen\",\"url\":\"https:\/\/guadalen.com\/\",\"logo\":{\"@type\":\"ImageObject\",\"inLanguage\":\"en-US\",\"@id\":\"https:\/\/guadalen.com\/#\/schema\/logo\/image\/\",\"url\":\"http:\/\/guadalen.com\/wp-content\/uploads\/logo.png\",\"contentUrl\":\"http:\/\/guadalen.com\/wp-content\/uploads\/logo.png\",\"width\":137,\"height\":123,\"caption\":\"Guadalen\"},\"image\":{\"@id\":\"https:\/\/guadalen.com\/#\/schema\/logo\/image\/\"}}]}<\/script>\n<!-- \/ Yoast SEO Premium plugin. -->","yoast_head_json":{"title":"Nutrici\u00f3n Animal Guadalen","description":"En Guadalen te ofrecemos todo tipo de soluciones de nutrici\u00f3n animal \u2705, para todas las especies y fases productivas.","robots":{"index":"index","follow":"follow","max-snippet":"max-snippet:-1","max-image-preview":"max-image-preview:large","max-video-preview":"max-video-preview:-1"},"canonical":"https:\/\/guadalen.com\/","og_locale":"en_US","og_type":"article","og_title":"[:es]Nutrici\u00f3n Animal[:en]Animal Nutrition[:]","og_description":"En Guadalen te ofrecemos todo tipo de soluciones de nutrici\u00f3n animal \u2705, para todas las especies y fases productivas.","og_url":"https:\/\/guadalen.com\/","og_site_name":"Lorca Nutrici\u00f3n Animal S.A.","article_modified_time":"2026-03-17T12:35:03+00:00","twitter_card":"summary_large_image","twitter_misc":{"Est. reading time":"3 minutes"},"schema":{"@context":"https:\/\/schema.org","@graph":[{"@type":"WebPage","@id":"https:\/\/guadalen.com\/","url":"https:\/\/guadalen.com\/","name":"Nutrici\u00f3n Animal Guadalen","isPartOf":{"@id":"https:\/\/guadalen.com\/#website"},"datePublished":"2016-07-28T07:19:15+00:00","dateModified":"2026-03-17T12:35:03+00:00","description":"En Guadalen te ofrecemos todo tipo de soluciones de nutrici\u00f3n animal \u2705, para todas las especies y fases productivas.","breadcrumb":{"@id":"https:\/\/guadalen.com\/#breadcrumb"},"inLanguage":"en-US","potentialAction":[{"@type":"ReadAction","target":["https:\/\/guadalen.com\/"]}]},{"@type":"BreadcrumbList","@id":"https:\/\/guadalen.com\/#breadcrumb","itemListElement":[{"@type":"ListItem","position":1,"name":"Portada","item":"https:\/\/guadalen.com\/"},{"@type":"ListItem","position":2,"name":"Nutrici\u00f3n Animal"}]},{"@type":"WebSite","@id":"https:\/\/guadalen.com\/#website","url":"https:\/\/guadalen.com\/","name":"Lorca Nutrici\u00f3n Animal S.A.","description":"Lorca Nutrici\u00f3n Animal es una empresa dedicada a la fabricaci\u00f3n de premezclas vitam\u00ednico-minerales y otros productos para la alimentaci\u00f3n de todas las especies ganaderas y fases productivas.","publisher":{"@id":"https:\/\/guadalen.com\/#organization"},"potentialAction":[{"@type":"SearchAction","target":{"@type":"EntryPoint","urlTemplate":"https:\/\/guadalen.com\/?s={search_term_string}"},"query-input":"required name=search_term_string"}],"inLanguage":"en-US"},{"@type":"Organization","@id":"https:\/\/guadalen.com\/#organization","name":"Guadalen","url":"https:\/\/guadalen.com\/","logo":{"@type":"ImageObject","inLanguage":"en-US","@id":"https:\/\/guadalen.com\/#\/schema\/logo\/image\/","url":"http:\/\/guadalen.com\/wp-content\/uploads\/logo.png","contentUrl":"http:\/\/guadalen.com\/wp-content\/uploads\/logo.png","width":137,"height":123,"caption":"Guadalen"},"image":{"@id":"https:\/\/guadalen.com\/#\/schema\/logo\/image\/"}}]}},"_links":{"self":[{"href":"https:\/\/guadalen.com\/en\/wp-json\/wp\/v2\/pages\/2"}],"collection":[{"href":"https:\/\/guadalen.com\/en\/wp-json\/wp\/v2\/pages"}],"about":[{"href":"https:\/\/guadalen.com\/en\/wp-json\/wp\/v2\/types\/page"}],"author":[{"embeddable":true,"href":"https:\/\/guadalen.com\/en\/wp-json\/wp\/v2\/users\/2"}],"replies":[{"embeddable":true,"href":"https:\/\/guadalen.com\/en\/wp-json\/wp\/v2\/comments?post=2"}],"version-history":[{"count":85,"href":"https:\/\/guadalen.com\/en\/wp-json\/wp\/v2\/pages\/2\/revisions"}],"predecessor-version":[{"id":1418,"href":"https:\/\/guadalen.com\/en\/wp-json\/wp\/v2\/pages\/2\/revisions\/1418"}],"wp:attachment":[{"href":"https:\/\/guadalen.com\/en\/wp-json\/wp\/v2\/media?parent=2"}],"curies":[{"name":"wp","href":"https:\/\/api.w.org\/{rel}","templated":true}]}}